 {"id":515,"date":"2024-05-07T07:51:47","date_gmt":"2024-05-07T07:51:47","guid":{"rendered":"https:\/\/communehchechna.tn\/?page_id=515"},"modified":"2024-06-27T21:05:18","modified_gmt":"2024-06-27T21:05:18","slug":"%d9%85%d8%b5%d8%a7%d9%84%d8%ad-%d8%a7%d9%84%d8%a8%d9%84%d8%af%d9%8a%d8%a9","status":"publish","type":"page","link":"https:\/\/communehchechna.tn\/fr\/%d9%85%d8%b5%d8%a7%d9%84%d8%ad-%d8%a7%d9%84%d8%a8%d9%84%d8%af%d9%8a%d8%a9\/","title":{"rendered":"Services Municipaux"},"content":{"rendered":"<div data-elementor-type=\"wp-page\" data-elementor-id=\"515\" class=\"elementor elementor-515\">\n\t\t\t\t<div class=\"elementor-element elementor-element-8c69228 e-flex e-con-boxed e-con e-parent\" data-id=\"8c69228\" data-element_type=\"container\" data-e-type=\"container\">\n\t\t\t\t\t<div class=\"e-con-inner\">\n\t\t\t\t<div class=\"elementor-element elementor-element-dedad19 elementor-widget elementor-widget-spacer\" data-id=\"dedad19\" data-element_type=\"widget\" data-e-type=\"widget\" data-widget_type=\"spacer.default\">\n\t\t\t\t<div class=\"elementor-widget-container\">\n\t\t\t\t\t\t\t<div class=\"elementor-spacer\">\n\t\t\t<div class=\"elementor-spacer-inner\"><\/div>\n\t\t<\/div>\n\t\t\t\t\t\t<\/div>\n\t\t\t\t<\/div>\n\t\t\t\t\t<\/div>\n\t\t\t\t<\/div>\n\t\t<div class=\"elementor-element elementor-element-3d9d558c e-flex e-con-boxed e-con e-parent\" data-id=\"3d9d558c\" data-element_type=\"container\" data-e-type=\"container\">\n\t\t\t\t\t<div class=\"e-con-inner\">\n\t\t<div class=\"elementor-element elementor-element-c36dbee e-flex e-con-boxed e-con e-child\" data-id=\"c36dbee\" data-element_type=\"container\" data-e-type=\"container\">\n\t\t\t\t\t<div class=\"e-con-inner\">\n\t\t\t\t<div class=\"elementor-element elementor-element-3279121 elementor-widget elementor-widget-heading\" data-id=\"3279121\" data-element_type=\"widget\" data-e-type=\"widget\" data-widget_type=\"heading.default\">\n\t\t\t\t<div class=\"elementor-widget-container\">\n\t\t\t\t\t<h2 class=\"elementor-heading-title elementor-size-default\">L'Organisation administrative <\/h2>\t\t\t\t<\/div>\n\t\t\t\t<\/div>\n\t\t\t\t<div class=\"elementor-element elementor-element-fe48369 elementor-widget__width-initial elementor-widget elementor-widget-text-editor\" data-id=\"fe48369\" data-element_type=\"widget\" data-e-type=\"widget\" data-widget_type=\"text-editor.default\">\n\t\t\t\t<div class=\"elementor-widget-container\">\n\t\t\t\t\t\t\t\t\t<p class=\"has-text-align-right has-ast-global-color-8-color has-text-color has-link-color\">La structuration administrative de la commune de Hchechna s'inscrit dans le cadre de la mise en \u0153uvre du programme de r\u00e9habilitation globale des municipalit\u00e9s, visant \u00e0 am\u00e9liorer davantage la qualit\u00e9 du travail municipal et la gestion des affaires municipales afin d'accro\u00eetre l'efficacit\u00e9 de la commune et de d\u00e9velopper la ville.<\/p>\n<p>\u00a0<\/p>\n<p>\u00a0<\/p>\t\t\t\t\t\t\t\t<\/div>\n\t\t\t\t<\/div>\n\t\t\t\t\t<\/div>\n\t\t\t\t<\/div>\n\t\t<div class=\"elementor-element elementor-element-99a6720 e-flex e-con-boxed e-con e-child\" data-id=\"99a6720\" data-element_type=\"container\" data-e-type=\"container\">\n\t\t\t\t\t<div class=\"e-con-inner\">\n\t\t\t\t<div class=\"elementor-element elementor-element-be92058 elementor-widget elementor-widget-html\" data-id=\"be92058\" data-element_type=\"widget\" data-e-type=\"widget\" data-widget_type=\"html.default\">\n\t\t\t\t<div class=\"elementor-widget-container\">\n\t\t\t\t\t <!DOCTYPE html>\r\n<html lang=\"ar\">\r\n<head>\r\n    <meta charset=\"UTF-8\">\r\n    <meta name=\"viewport\" content=\"width=device-width, initial-scale=1.0\">\r\n    <title>Tableau<\/title>\r\n    <style>\r\n        table {\r\n            width: 80%; \/* Augmenter la largeur du tableau *\/\r\n            margin: auto;\r\n            border-collapse: collapse;\r\n            direction: rtl;\r\n        }\r\n        th, td {\r\n            border: 1px solid #000;\r\n            padding: 8px;\r\n            text-align: center;\r\n            color: #000; \/* Texte en noir *\/\r\n        }\r\n        th {\r\n            background-color: #d3d3d3;\r\n        }\r\n        td {\r\n            background-color: #f5f5f5;\r\n        }\r\n    <\/style>\r\n<\/head>\r\n<body>\r\n\r\n<table>\r\n    <tr>\r\n        <th><\/th>\r\n        <th>l'heure administrative d'Hiver<\/th>\r\n        <th>l'heure administrative d'\u00e9t\u00e9 \net mois de Ramadan\".<\/th>\r\n    <\/tr>\r\n    <tr>\r\n        <td>la s\u00e9ance matinale<\/td>\r\n        <td>12H30 \u2190 8H30<\/td>\r\n        <td>14H30 \u2190 08H30<\/td>\r\n    <\/tr>\r\n    <tr>\r\n        <td>la s\u00e9ance de l'apr\u00e8s-midi<\/td>\r\n        <td>17H30 \u2190 13H30<\/td>\r\n        <td><\/td>\r\n    <\/tr>\r\n    <tr>\r\n        <td>Vendredi<\/td>\r\n        <td>13H00 \u2190 8H00<br>17H30 \u2190 14H30<\/td>\r\n        <td>13H30 \u2190 08H30<\/td>\r\n    <\/tr>\r\n<\/table>\r\n\r\n<\/body>\r\n<\/html>\r\n\t\t\t\t<\/div>\n\t\t\t\t<\/div>\n\t\t\t\t\t<\/div>\n\t\t\t\t<\/div>\n\t\t<div class=\"elementor-element elementor-element-21b5587 e-con-full e-flex e-con e-child\" data-id=\"21b5587\" data-element_type=\"container\" data-e-type=\"container\">\n\t\t\t\t<div class=\"elementor-element elementor-element-f0470e9 elementor-widget elementor-widget-heading\" data-id=\"f0470e9\" data-element_type=\"widget\" data-e-type=\"widget\" data-widget_type=\"heading.default\">\n\t\t\t\t<div class=\"elementor-widget-container\">\n\t\t\t\t\t<h2 class=\"elementor-heading-title elementor-size-default\">Organisation Structurelle<\/h2>\t\t\t\t<\/div>\n\t\t\t\t<\/div>\n\t\t\t\t<\/div>\n\t\t\t\t\t<\/div>\n\t\t\t\t<\/div>\n\t\t<div class=\"elementor-element elementor-element-50625e2 e-flex e-con-boxed e-con e-parent\" data-id=\"50625e2\" data-element_type=\"container\" data-e-type=\"container\">\n\t\t\t\t\t<div class=\"e-con-inner\">\n\t\t\t\t<div class=\"elementor-element elementor-element-2fb7d9f elementor-widget elementor-widget-text-editor\" data-id=\"2fb7d9f\" data-element_type=\"widget\" data-e-type=\"widget\" data-widget_type=\"text-editor.default\">\n\t\t\t\t<div class=\"elementor-widget-container\">\n\t\t\t\t\t\t\t\t\t<p><a href=\"https:\/\/communehchechna.tn\/wp-content\/uploads\/2024\/06\/\u062a\u0646\u0638\u064a\u0645-\u0647\u064a\u0643\u0644\u064a-1.pdf\" class=\"pdfemb-viewer\" style=\"\" data-width=\"max\" data-height=\"max\" data-toolbar=\"top\" data-toolbar-fixed=\"on\">\u062a\u0646\u0638\u064a\u0645 \u0647\u064a\u0643\u0644\u064a<\/a><\/p>\t\t\t\t\t\t\t\t<\/div>\n\t\t\t\t<\/div>\n\t\t\t\t\t<\/div>\n\t\t\t\t<\/div>\n\t\t\t\t<\/div>","protected":false},"excerpt":{"rendered":"<p>\u0627\u0644\u062a\u0646\u0638\u064a\u0645 \u0627\u0644\u0627\u062f\u0627\u0631\u064a \u0627\u0644\u062a\u0646\u0638\u064a\u0645 \u0627\u0644\u0647\u064a\u0643\u0644\u064a \u0644\u0628\u0644\u062f\u064a\u0629\u00a0 \u0627\u0644\u062d\u0634\u0627\u0634\u0646\u0629 \u064a\u0646\u062f\u0631\u062c \u0641\u064a \u0625\u0637\u0627\u0631 \u062a\u0637\u0628\u064a\u0642 \u0628\u0631\u0646\u0627\u0645\u062c \u0627\u0644\u062a\u0623\u0647\u064a\u0644 \u0627\u0644\u0634\u0627\u0645\u0644 \u0644\u0644\u0628\u0644\u062f\u064a\u0627\u062a \u0627\u0644\u0630\u064a \u064a\u0647\u062f\u0641 \u0625\u0644\u0649 \u0645\u0632\u064a\u062f \u062a\u062d\u0633\u064a\u0646 \u062c\u0648\u062f\u0629 [&hellip;]<\/p>","protected":false},"author":1,"featured_media":0,"parent":0,"menu_order":0,"comment_status":"closed","ping_status":"closed","template":"","meta":{"site-sidebar-layout":"no-sidebar","site-content-layout":"","ast-site-content-layout":"full-width-container","site-content-style":"default","site-sidebar-style":"default","ast-global-header-display":"","ast-banner-title-visibility":"","ast-main-header-display":"","ast-hfb-above-header-display":"","ast-hfb-below-header-display":"","ast-hfb-mobile-header-display":"","site-post-title":"disabled","ast-breadcrumbs-content":"","ast-featured-img":"disabled","footer-sml-layout":"","theme-transparent-header-meta":"","adv-header-id-meta":"","stick-header-meta":"","header-above-stick-meta":"","header-main-stick-meta":"","header-below-stick-meta":"","astra-migrate-meta-layouts":"default","ast-page-background-enabled":"default","ast-page-background-meta":{"desktop":{"background-color":"var(--ast-global-color-4)","background-image":"","background-repeat":"repeat","background-position":"center center","background-size":"auto","background-attachment":"scroll","background-type":"","background-media":"","overlay-type":"","overlay-color":"","overlay-gradient":""},"tablet":{"background-color":"","background-image":"","background-repeat":"repeat","background-position":"center center","background-size":"auto","background-attachment":"scroll","background-type":"","background-media":"","overlay-type":"","overlay-color":"","overlay-gradient":""},"mobile":{"background-color":"","background-image":"","background-repeat":"repeat","background-position":"center center","background-size":"auto","background-attachment":"scroll","background-type":"","background-media":"","overlay-type":"","overlay-color":"","overlay-gradient":""}},"ast-content-background-meta":{"desktop":{"background-color":"var(--ast-global-color-5)","background-image":"","background-repeat":"repeat","background-position":"center center","background-size":"auto","background-attachment":"scroll","background-type":"","background-media":"","overlay-type":"","overlay-color":"","overlay-gradient":""},"tablet":{"background-color":"var(--ast-global-color-5)","background-image":"","background-repeat":"repeat","background-position":"center center","background-size":"auto","background-attachment":"scroll","background-type":"","background-media":"","overlay-type":"","overlay-color":"","overlay-gradient":""},"mobile":{"background-color":"var(--ast-global-color-5)","background-image":"","background-repeat":"repeat","background-position":"center center","background-size":"auto","background-attachment":"scroll","background-type":"","background-media":"","overlay-type":"","overlay-color":"","overlay-gradient":""}},"footnotes":""},"class_list":["post-515","page","type-page","status-publish","hentry"],"yoast_head":"<!-- This site is optimized with the Yoast SEO plugin v24.4 - https:\/\/yoast.com\/wordpress\/plugins\/seo\/ -->\n<title>\u0645\u0635\u0627\u0644\u062d \u0627\u0644\u0628\u0644\u062f\u064a\u0629 -<\/title>\n<meta name=\"robots\" content=\"index, follow, max-snippet:-1, max-image-preview:large, max-video-preview:-1\" \/>\n<link rel=\"canonical\" href=\"https:\/\/communehchechna.tn\/fr\/\u0645\u0635\u0627\u0644\u062d-\u0627\u0644\u0628\u0644\u062f\u064a\u0629\/\" \/>\n<meta property=\"og:locale\" content=\"fr_FR\" \/>\n<meta property=\"og:type\" content=\"article\" \/>\n<meta property=\"og:title\" content=\"\u0645\u0635\u0627\u0644\u062d \u0627\u0644\u0628\u0644\u062f\u064a\u0629 -\" \/>\n<meta property=\"og:description\" content=\"\u0627\u0644\u062a\u0646\u0638\u064a\u0645 \u0627\u0644\u0627\u062f\u0627\u0631\u064a \u0627\u0644\u062a\u0646\u0638\u064a\u0645 \u0627\u0644\u0647\u064a\u0643\u0644\u064a \u0644\u0628\u0644\u062f\u064a\u0629\u00a0 \u0627\u0644\u062d\u0634\u0627\u0634\u0646\u0629 \u064a\u0646\u062f\u0631\u062c \u0641\u064a \u0625\u0637\u0627\u0631 \u062a\u0637\u0628\u064a\u0642 \u0628\u0631\u0646\u0627\u0645\u062c \u0627\u0644\u062a\u0623\u0647\u064a\u0644 \u0627\u0644\u0634\u0627\u0645\u0644 \u0644\u0644\u0628\u0644\u062f\u064a\u0627\u062a \u0627\u0644\u0630\u064a \u064a\u0647\u062f\u0641 \u0625\u0644\u0649 \u0645\u0632\u064a\u062f \u062a\u062d\u0633\u064a\u0646 \u062c\u0648\u062f\u0629 [&hellip;]\" \/>\n<meta property=\"og:url\" content=\"https:\/\/communehchechna.tn\/fr\/\u0645\u0635\u0627\u0644\u062d-\u0627\u0644\u0628\u0644\u062f\u064a\u0629\/\" \/>\n<meta property=\"article:modified_time\" content=\"2024-06-27T21:05:18+00:00\" \/>\n<meta name=\"twitter:card\" content=\"summary_large_image\" \/>\n<meta name=\"twitter:label1\" content=\"Dur\u00e9e de lecture estim\u00e9e\" \/>\n\t<meta name=\"twitter:data1\" content=\"1 minute\" \/>\n<script type=\"application\/ld+json\" class=\"yoast-schema-graph\">{\"@context\":\"https:\/\/schema.org\",\"@graph\":[{\"@type\":\"WebPage\",\"@id\":\"https:\/\/communehchechna.tn\/%d9%85%d8%b5%d8%a7%d9%84%d8%ad-%d8%a7%d9%84%d8%a8%d9%84%d8%af%d9%8a%d8%a9\/\",\"url\":\"https:\/\/communehchechna.tn\/%d9%85%d8%b5%d8%a7%d9%84%d8%ad-%d8%a7%d9%84%d8%a8%d9%84%d8%af%d9%8a%d8%a9\/\",\"name\":\"\u0645\u0635\u0627\u0644\u062d \u0627\u0644\u0628\u0644\u062f\u064a\u0629 -\",\"isPartOf\":{\"@id\":\"https:\/\/communehchechna.tn\/#website\"},\"datePublished\":\"2024-05-07T07:51:47+00:00\",\"dateModified\":\"2024-06-27T21:05:18+00:00\",\"breadcrumb\":{\"@id\":\"https:\/\/communehchechna.tn\/%d9%85%d8%b5%d8%a7%d9%84%d8%ad-%d8%a7%d9%84%d8%a8%d9%84%d8%af%d9%8a%d8%a9\/#breadcrumb\"},\"inLanguage\":\"fr-FR\",\"potentialAction\":[{\"@type\":\"ReadAction\",\"target\":[\"https:\/\/communehchechna.tn\/%d9%85%d8%b5%d8%a7%d9%84%d8%ad-%d8%a7%d9%84%d8%a8%d9%84%d8%af%d9%8a%d8%a9\/\"]}]},{\"@type\":\"BreadcrumbList\",\"@id\":\"https:\/\/communehchechna.tn\/%d9%85%d8%b5%d8%a7%d9%84%d8%ad-%d8%a7%d9%84%d8%a8%d9%84%d8%af%d9%8a%d8%a9\/#breadcrumb\",\"itemListElement\":[{\"@type\":\"ListItem\",\"position\":1,\"name\":\"Accueil\",\"item\":\"https:\/\/communehchechna.tn\/\"},{\"@type\":\"ListItem\",\"position\":2,\"name\":\"\u0645\u0635\u0627\u0644\u062d \u0627\u0644\u0628\u0644\u062f\u064a\u0629\"}]},{\"@type\":\"WebSite\",\"@id\":\"https:\/\/communehchechna.tn\/#website\",\"url\":\"https:\/\/communehchechna.tn\/\",\"name\":\"\",\"description\":\"\",\"potentialAction\":[{\"@type\":\"SearchAction\",\"target\":{\"@type\":\"EntryPoint\",\"urlTemplate\":\"https:\/\/communehchechna.tn\/?s={search_term_string}\"},\"query-input\":{\"@type\":\"PropertyValueSpecification\",\"valueRequired\":true,\"valueName\":\"search_term_string\"}}],\"inLanguage\":\"fr-FR\"}]}<\/script>\n<!-- \/ Yoast SEO plugin. -->","yoast_head_json":{"title":"\u0645\u0635\u0627\u0644\u062d \u0627\u0644\u0628\u0644\u062f\u064a\u0629 -","robots":{"index":"index","follow":"follow","max-snippet":"max-snippet:-1","max-image-preview":"max-image-preview:large","max-video-preview":"max-video-preview:-1"},"canonical":"https:\/\/communehchechna.tn\/fr\/\u0645\u0635\u0627\u0644\u062d-\u0627\u0644\u0628\u0644\u062f\u064a\u0629\/","og_locale":"fr_FR","og_type":"article","og_title":"\u0645\u0635\u0627\u0644\u062d \u0627\u0644\u0628\u0644\u062f\u064a\u0629 -","og_description":"\u0627\u0644\u062a\u0646\u0638\u064a\u0645 \u0627\u0644\u0627\u062f\u0627\u0631\u064a \u0627\u0644\u062a\u0646\u0638\u064a\u0645 \u0627\u0644\u0647\u064a\u0643\u0644\u064a \u0644\u0628\u0644\u062f\u064a\u0629\u00a0 \u0627\u0644\u062d\u0634\u0627\u0634\u0646\u0629 \u064a\u0646\u062f\u0631\u062c \u0641\u064a \u0625\u0637\u0627\u0631 \u062a\u0637\u0628\u064a\u0642 \u0628\u0631\u0646\u0627\u0645\u062c \u0627\u0644\u062a\u0623\u0647\u064a\u0644 \u0627\u0644\u0634\u0627\u0645\u0644 \u0644\u0644\u0628\u0644\u062f\u064a\u0627\u062a \u0627\u0644\u0630\u064a \u064a\u0647\u062f\u0641 \u0625\u0644\u0649 \u0645\u0632\u064a\u062f \u062a\u062d\u0633\u064a\u0646 \u062c\u0648\u062f\u0629 [&hellip;]","og_url":"https:\/\/communehchechna.tn\/fr\/\u0645\u0635\u0627\u0644\u062d-\u0627\u0644\u0628\u0644\u062f\u064a\u0629\/","article_modified_time":"2024-06-27T21:05:18+00:00","twitter_card":"summary_large_image","twitter_misc":{"Dur\u00e9e de lecture estim\u00e9e":"1 minute"},"schema":{"@context":"https:\/\/schema.org","@graph":[{"@type":"WebPage","@id":"https:\/\/communehchechna.tn\/%d9%85%d8%b5%d8%a7%d9%84%d8%ad-%d8%a7%d9%84%d8%a8%d9%84%d8%af%d9%8a%d8%a9\/","url":"https:\/\/communehchechna.tn\/%d9%85%d8%b5%d8%a7%d9%84%d8%ad-%d8%a7%d9%84%d8%a8%d9%84%d8%af%d9%8a%d8%a9\/","name":"\u0645\u0635\u0627\u0644\u062d \u0627\u0644\u0628\u0644\u062f\u064a\u0629 -","isPartOf":{"@id":"https:\/\/communehchechna.tn\/#website"},"datePublished":"2024-05-07T07:51:47+00:00","dateModified":"2024-06-27T21:05:18+00:00","breadcrumb":{"@id":"https:\/\/communehchechna.tn\/%d9%85%d8%b5%d8%a7%d9%84%d8%ad-%d8%a7%d9%84%d8%a8%d9%84%d8%af%d9%8a%d8%a9\/#breadcrumb"},"inLanguage":"fr-FR","potentialAction":[{"@type":"ReadAction","target":["https:\/\/communehchechna.tn\/%d9%85%d8%b5%d8%a7%d9%84%d8%ad-%d8%a7%d9%84%d8%a8%d9%84%d8%af%d9%8a%d8%a9\/"]}]},{"@type":"BreadcrumbList","@id":"https:\/\/communehchechna.tn\/%d9%85%d8%b5%d8%a7%d9%84%d8%ad-%d8%a7%d9%84%d8%a8%d9%84%d8%af%d9%8a%d8%a9\/#breadcrumb","itemListElement":[{"@type":"ListItem","position":1,"name":"Accueil","item":"https:\/\/communehchechna.tn\/"},{"@type":"ListItem","position":2,"name":"\u0645\u0635\u0627\u0644\u062d \u0627\u0644\u0628\u0644\u062f\u064a\u0629"}]},{"@type":"WebSite","@id":"https:\/\/communehchechna.tn\/#website","url":"https:\/\/communehchechna.tn\/","name":"","description":"","potentialAction":[{"@type":"SearchAction","target":{"@type":"EntryPoint","urlTemplate":"https:\/\/communehchechna.tn\/?s={search_term_string}"},"query-input":{"@type":"PropertyValueSpecification","valueRequired":true,"valueName":"search_term_string"}}],"inLanguage":"fr-FR"}]}},"_links":{"self":[{"href":"https:\/\/communehchechna.tn\/fr\/wp-json\/wp\/v2\/pages\/515","targetHints":{"allow":["GET"]}}],"collection":[{"href":"https:\/\/communehchechna.tn\/fr\/wp-json\/wp\/v2\/pages"}],"about":[{"href":"https:\/\/communehchechna.tn\/fr\/wp-json\/wp\/v2\/types\/page"}],"author":[{"embeddable":true,"href":"https:\/\/communehchechna.tn\/fr\/wp-json\/wp\/v2\/users\/1"}],"replies":[{"embeddable":true,"href":"https:\/\/communehchechna.tn\/fr\/wp-json\/wp\/v2\/comments?post=515"}],"version-history":[{"count":9,"href":"https:\/\/communehchechna.tn\/fr\/wp-json\/wp\/v2\/pages\/515\/revisions"}],"predecessor-version":[{"id":897,"href":"https:\/\/communehchechna.tn\/fr\/wp-json\/wp\/v2\/pages\/515\/revisions\/897"}],"wp:attachment":[{"href":"https:\/\/communehchechna.tn\/fr\/wp-json\/wp\/v2\/media?parent=515"}],"curies":[{"name":"wp","href":"https:\/\/api.w.org\/{rel}","templated":true}]}}