 {"id":524,"date":"2024-05-07T09:19:13","date_gmt":"2024-05-07T09:19:13","guid":{"rendered":"https:\/\/communehchechna.tn\/?page_id=524"},"modified":"2024-06-28T08:55:27","modified_gmt":"2024-06-28T08:55:27","slug":"%d8%a7%d9%84%d8%a8%d8%aa%d8%a7%d8%aa","status":"publish","type":"page","link":"https:\/\/communehchechna.tn\/fr\/%d8%a7%d9%84%d8%a8%d8%aa%d8%a7%d8%aa\/","title":{"rendered":"Appels d'Offres"},"content":{"rendered":"<div data-elementor-type=\"wp-page\" data-elementor-id=\"524\" class=\"elementor elementor-524\">\n\t\t\t\t<div class=\"elementor-element elementor-element-f4eb8a2 e-flex e-con-boxed e-con e-parent\" data-id=\"f4eb8a2\" data-element_type=\"container\" data-e-type=\"container\">\n\t\t\t\t\t<div class=\"e-con-inner\">\n\t\t\t\t<div class=\"elementor-element elementor-element-7739310 elementor-widget elementor-widget-spacer\" data-id=\"7739310\" data-element_type=\"widget\" data-e-type=\"widget\" data-widget_type=\"spacer.default\">\n\t\t\t\t<div class=\"elementor-widget-container\">\n\t\t\t\t\t\t\t<div class=\"elementor-spacer\">\n\t\t\t<div class=\"elementor-spacer-inner\"><\/div>\n\t\t<\/div>\n\t\t\t\t\t\t<\/div>\n\t\t\t\t<\/div>\n\t\t\t\t\t<\/div>\n\t\t\t\t<\/div>\n\t\t<div class=\"elementor-element elementor-element-849886e e-flex e-con-boxed e-con e-parent\" data-id=\"849886e\" data-element_type=\"container\" data-e-type=\"container\">\n\t\t\t\t\t<div class=\"e-con-inner\">\n\t\t\t\t<div class=\"elementor-element elementor-element-0c1359a elementor-widget elementor-widget-heading\" data-id=\"0c1359a\" data-element_type=\"widget\" data-e-type=\"widget\" data-widget_type=\"heading.default\">\n\t\t\t\t<div class=\"elementor-widget-container\">\n\t\t\t\t\t<h2 class=\"elementor-heading-title elementor-size-default\">Liste des march\u00e9s publics <\/h2>\t\t\t\t<\/div>\n\t\t\t\t<\/div>\n\t\t\t\t\t<\/div>\n\t\t\t\t<\/div>\n\t\t<div class=\"elementor-element elementor-element-d856fa3 e-flex e-con-boxed e-con e-parent\" data-id=\"d856fa3\" data-element_type=\"container\" data-e-type=\"container\">\n\t\t\t\t\t<div class=\"e-con-inner\">\n\t\t\t\t<div class=\"elementor-element elementor-element-3dc6546 elementor-widget elementor-widget-accordion\" data-id=\"3dc6546\" data-element_type=\"widget\" data-e-type=\"widget\" data-widget_type=\"accordion.default\">\n\t\t\t\t<div class=\"elementor-widget-container\">\n\t\t\t\t\t\t\t<div class=\"elementor-accordion\">\n\t\t\t\t\t\t\t<div class=\"elementor-accordion-item\">\n\t\t\t\t\t<div id=\"elementor-tab-title-6471\" class=\"elementor-tab-title\" data-tab=\"1\" role=\"button\" aria-controls=\"elementor-tab-content-6471\" aria-expanded=\"false\">\n\t\t\t\t\t\t\t\t\t\t\t\t\t<span class=\"elementor-accordion-icon elementor-accordion-icon-right\" aria-hidden=\"true\">\n\t\t\t\t\t\t\t\t\t\t\t\t\t\t\t<span class=\"elementor-accordion-icon-closed\"><svg class=\"e-font-icon-svg e-fas-plus\" viewbox=\"0 0 448 512\" xmlns=\"http:\/\/www.w3.org\/2000\/svg\"><path d=\"M416 208H272V64c0-17.67-14.33-32-32-32h-32c-17.67 0-32 14.33-32 32v144H32c-17.67 0-32 14.33-32 32v32c0 17.67 14.33 32 32 32h144v144c0 17.67 14.33 32 32 32h32c17.67 0 32-14.33 32-32V304h144c17.67 0 32-14.33 32-32v-32c0-17.67-14.33-32-32-32z\"><\/path><\/svg><\/span>\n\t\t\t\t\t\t\t\t<span class=\"elementor-accordion-icon-opened\"><svg class=\"e-font-icon-svg e-fas-minus\" viewbox=\"0 0 448 512\" xmlns=\"http:\/\/www.w3.org\/2000\/svg\"><path d=\"M416 208H32c-17.67 0-32 14.33-32 32v32c0 17.67 14.33 32 32 32h384c17.67 0 32-14.33 32-32v-32c0-17.67-14.33-32-32-32z\"><\/path><\/svg><\/span>\n\t\t\t\t\t\t\t\t\t\t\t\t\t\t<\/span>\n\t\t\t\t\t\t\t\t\t\t\t\t<a class=\"elementor-accordion-title\" tabindex=\"0\"> Annonce de vente aux ench\u00e8res publique pour la location des parkings situ\u00e9s dans la zone municipale<\/a>\n\t\t\t\t\t<\/div>\n\t\t\t\t\t<div id=\"elementor-tab-content-6471\" class=\"elementor-tab-content elementor-clearfix\" data-tab=\"1\" role=\"region\" aria-labelledby=\"elementor-tab-title-6471\"><p><img fetchpriority=\"high\" decoding=\"async\" class=\"alignnone  wp-image-603 aligncenter\" src=\"https:\/\/communehchechna.tn\/wp-content\/uploads\/2024\/05\/c4-217x300.jpg\" alt=\"\" width=\"465\" height=\"642\" srcset=\"https:\/\/communehchechna.tn\/wp-content\/uploads\/2024\/05\/c4-217x300.jpg 217w, https:\/\/communehchechna.tn\/wp-content\/uploads\/2024\/05\/c4-741x1024.jpg 741w, https:\/\/communehchechna.tn\/wp-content\/uploads\/2024\/05\/c4-768x1062.jpg 768w, https:\/\/communehchechna.tn\/wp-content\/uploads\/2024\/05\/c4-9x12.jpg 9w, https:\/\/communehchechna.tn\/wp-content\/uploads\/2024\/05\/c4.jpg 1080w\" sizes=\"(max-width: 465px) 100vw, 465px\" \/><\/p><\/div>\n\t\t\t\t<\/div>\n\t\t\t\t\t\t\t<div class=\"elementor-accordion-item\">\n\t\t\t\t\t<div id=\"elementor-tab-title-6472\" class=\"elementor-tab-title\" data-tab=\"2\" role=\"button\" aria-controls=\"elementor-tab-content-6472\" aria-expanded=\"false\">\n\t\t\t\t\t\t\t\t\t\t\t\t\t<span class=\"elementor-accordion-icon elementor-accordion-icon-right\" aria-hidden=\"true\">\n\t\t\t\t\t\t\t\t\t\t\t\t\t\t\t<span class=\"elementor-accordion-icon-closed\"><svg class=\"e-font-icon-svg e-fas-plus\" viewbox=\"0 0 448 512\" xmlns=\"http:\/\/www.w3.org\/2000\/svg\"><path d=\"M416 208H272V64c0-17.67-14.33-32-32-32h-32c-17.67 0-32 14.33-32 32v144H32c-17.67 0-32 14.33-32 32v32c0 17.67 14.33 32 32 32h144v144c0 17.67 14.33 32 32 32h32c17.67 0 32-14.33 32-32V304h144c17.67 0 32-14.33 32-32v-32c0-17.67-14.33-32-32-32z\"><\/path><\/svg><\/span>\n\t\t\t\t\t\t\t\t<span class=\"elementor-accordion-icon-opened\"><svg class=\"e-font-icon-svg e-fas-minus\" viewbox=\"0 0 448 512\" xmlns=\"http:\/\/www.w3.org\/2000\/svg\"><path d=\"M416 208H32c-17.67 0-32 14.33-32 32v32c0 17.67 14.33 32 32 32h384c17.67 0 32-14.33 32-32v-32c0-17.67-14.33-32-32-32z\"><\/path><\/svg><\/span>\n\t\t\t\t\t\t\t\t\t\t\t\t\t\t<\/span>\n\t\t\t\t\t\t\t\t\t\t\t\t<a class=\"elementor-accordion-title\" tabindex=\"0\">Annonce de vente aux ench\u00e8res publiques pour la concession du march\u00e9 hebdomadaire et du march\u00e9 aux bestiaux.<\/a>\n\t\t\t\t\t<\/div>\n\t\t\t\t\t<div id=\"elementor-tab-content-6472\" class=\"elementor-tab-content elementor-clearfix\" data-tab=\"2\" role=\"region\" aria-labelledby=\"elementor-tab-title-6472\"><p><img decoding=\"async\" class=\"alignnone  wp-image-543 aligncenter\" src=\"https:\/\/communehchechna.tn\/wp-content\/uploads\/2024\/05\/\u0628\u062a\u0629-212x300.jpg\" alt=\"\" width=\"484\" height=\"685\" srcset=\"https:\/\/communehchechna.tn\/wp-content\/uploads\/2024\/05\/\u0628\u062a\u0629-212x300.jpg 212w, https:\/\/communehchechna.tn\/wp-content\/uploads\/2024\/05\/\u0628\u062a\u0629-724x1024.jpg 724w, https:\/\/communehchechna.tn\/wp-content\/uploads\/2024\/05\/\u0628\u062a\u0629-768x1086.jpg 768w, https:\/\/communehchechna.tn\/wp-content\/uploads\/2024\/05\/\u0628\u062a\u0629-1086x1536.jpg 1086w, https:\/\/communehchechna.tn\/wp-content\/uploads\/2024\/05\/\u0628\u062a\u0629-8x12.jpg 8w, https:\/\/communehchechna.tn\/wp-content\/uploads\/2024\/05\/\u0628\u062a\u0629.jpg 1448w\" sizes=\"(max-width: 484px) 100vw, 484px\" \/><\/p><\/div>\n\t\t\t\t<\/div>\n\t\t\t\t\t\t\t\t<\/div>\n\t\t\t\t\t\t<\/div>\n\t\t\t\t<\/div>\n\t\t\t\t\t<\/div>\n\t\t\t\t<\/div>\n\t\t\t\t<\/div>","protected":false},"excerpt":{"rendered":"<p>\u0627\u0644\u0628\u062a\u0627\u062a \u0627\u0644\u0639\u0645\u0648\u0645\u064a\u0629 \u0627\u0639\u0644\u0627\u0646 \u0628\u062a\u0629 \u0639\u0645\u0648\u0645\u064a\u0629 \u0644\u062a\u0633\u0648\u064a\u063a \u0645\u0622\u0648\u064a \u0627\u0644\u0633\u064a\u0627\u0631\u0627\u062a \u0627\u0644\u0643\u0627\u0626\u0646\u0629 \u0628\u0627\u0644\u0645\u0646\u0637\u0642\u0629 \u0627\u0644\u0628\u0644\u062f\u064a\u0629 \u0625\u0639\u0640\u0640\u0644\u0627\u0646 \u0628\u062a\u0629 \u0639\u0645\u0648\u0645\u064a\u0629 \u0628\u0627\u0644\u0625\u0634\u0647\u0627\u0631 \u0648 \u0627\u0644\u0645\u0632\u0627\u062f \u0627\u0644\u0639\u0644\u0646\u064a \u0644\u062a\u0633\u0648\u064a\u063a \u0627\u0644\u0633\u0648\u0642 [&hellip;]<\/p>","protected":false},"author":1,"featured_media":0,"parent":0,"menu_order":0,"comment_status":"closed","ping_status":"closed","template":"","meta":{"site-sidebar-layout":"no-sidebar","site-content-layout":"","ast-site-content-layout":"full-width-container","site-content-style":"default","site-sidebar-style":"default","ast-global-header-display":"","ast-banner-title-visibility":"","ast-main-header-display":"","ast-hfb-above-header-display":"","ast-hfb-below-header-display":"","ast-hfb-mobile-header-display":"","site-post-title":"disabled","ast-breadcrumbs-content":"","ast-featured-img":"disabled","footer-sml-layout":"","theme-transparent-header-meta":"","adv-header-id-meta":"","stick-header-meta":"","header-above-stick-meta":"","header-main-stick-meta":"","header-below-stick-meta":"","astra-migrate-meta-layouts":"default","ast-page-background-enabled":"default","ast-page-background-meta":{"desktop":{"background-color":"var(--ast-global-color-4)","background-image":"","background-repeat":"repeat","background-position":"center center","background-size":"auto","background-attachment":"scroll","background-type":"","background-media":"","overlay-type":"","overlay-color":"","overlay-gradient":""},"tablet":{"background-color":"","background-image":"","background-repeat":"repeat","background-position":"center center","background-size":"auto","background-attachment":"scroll","background-type":"","background-media":"","overlay-type":"","overlay-color":"","overlay-gradient":""},"mobile":{"background-color":"","background-image":"","background-repeat":"repeat","background-position":"center center","background-size":"auto","background-attachment":"scroll","background-type":"","background-media":"","overlay-type":"","overlay-color":"","overlay-gradient":""}},"ast-content-background-meta":{"desktop":{"background-color":"var(--ast-global-color-5)","background-image":"","background-repeat":"repeat","background-position":"center center","background-size":"auto","background-attachment":"scroll","background-type":"","background-media":"","overlay-type":"","overlay-color":"","overlay-gradient":""},"tablet":{"background-color":"var(--ast-global-color-5)","background-image":"","background-repeat":"repeat","background-position":"center center","background-size":"auto","background-attachment":"scroll","background-type":"","background-media":"","overlay-type":"","overlay-color":"","overlay-gradient":""},"mobile":{"background-color":"var(--ast-global-color-5)","background-image":"","background-repeat":"repeat","background-position":"center center","background-size":"auto","background-attachment":"scroll","background-type":"","background-media":"","overlay-type":"","overlay-color":"","overlay-gradient":""}},"footnotes":""},"class_list":["post-524","page","type-page","status-publish","hentry"],"yoast_head":"<!-- This site is optimized with the Yoast SEO plugin v24.4 - https:\/\/yoast.com\/wordpress\/plugins\/seo\/ -->\n<title>\u0627\u0644\u0628\u062a\u0627\u062a -<\/title>\n<meta name=\"robots\" content=\"index, follow, max-snippet:-1, max-image-preview:large, max-video-preview:-1\" \/>\n<link rel=\"canonical\" href=\"https:\/\/communehchechna.tn\/fr\/\u0627\u0644\u0628\u062a\u0627\u062a\/\" \/>\n<meta property=\"og:locale\" content=\"fr_FR\" \/>\n<meta property=\"og:type\" content=\"article\" \/>\n<meta property=\"og:title\" content=\"\u0627\u0644\u0628\u062a\u0627\u062a -\" \/>\n<meta property=\"og:description\" content=\"\u0627\u0644\u0628\u062a\u0627\u062a \u0627\u0644\u0639\u0645\u0648\u0645\u064a\u0629 \u0627\u0639\u0644\u0627\u0646 \u0628\u062a\u0629 \u0639\u0645\u0648\u0645\u064a\u0629 \u0644\u062a\u0633\u0648\u064a\u063a \u0645\u0622\u0648\u064a \u0627\u0644\u0633\u064a\u0627\u0631\u0627\u062a \u0627\u0644\u0643\u0627\u0626\u0646\u0629 \u0628\u0627\u0644\u0645\u0646\u0637\u0642\u0629 \u0627\u0644\u0628\u0644\u062f\u064a\u0629 \u0625\u0639\u0640\u0640\u0644\u0627\u0646 \u0628\u062a\u0629 \u0639\u0645\u0648\u0645\u064a\u0629 \u0628\u0627\u0644\u0625\u0634\u0647\u0627\u0631 \u0648 \u0627\u0644\u0645\u0632\u0627\u062f \u0627\u0644\u0639\u0644\u0646\u064a \u0644\u062a\u0633\u0648\u064a\u063a \u0627\u0644\u0633\u0648\u0642 [&hellip;]\" \/>\n<meta property=\"og:url\" content=\"https:\/\/communehchechna.tn\/fr\/\u0627\u0644\u0628\u062a\u0627\u062a\/\" \/>\n<meta property=\"article:modified_time\" content=\"2024-06-28T08:55:27+00:00\" \/>\n<meta property=\"og:image\" content=\"https:\/\/communehchechna.tn\/wp-content\/uploads\/2024\/05\/c4-217x300.jpg\" \/>\n<meta name=\"twitter:card\" content=\"summary_large_image\" \/>\n<meta name=\"twitter:label1\" content=\"Dur\u00e9e de lecture estim\u00e9e\" \/>\n\t<meta name=\"twitter:data1\" content=\"1 minute\" \/>\n<script type=\"application\/ld+json\" class=\"yoast-schema-graph\">{\"@context\":\"https:\/\/schema.org\",\"@graph\":[{\"@type\":\"WebPage\",\"@id\":\"https:\/\/communehchechna.tn\/%d8%a7%d9%84%d8%a8%d8%aa%d8%a7%d8%aa\/\",\"url\":\"https:\/\/communehchechna.tn\/%d8%a7%d9%84%d8%a8%d8%aa%d8%a7%d8%aa\/\",\"name\":\"\u0627\u0644\u0628\u062a\u0627\u062a -\",\"isPartOf\":{\"@id\":\"https:\/\/communehchechna.tn\/#website\"},\"primaryImageOfPage\":{\"@id\":\"https:\/\/communehchechna.tn\/%d8%a7%d9%84%d8%a8%d8%aa%d8%a7%d8%aa\/#primaryimage\"},\"image\":{\"@id\":\"https:\/\/communehchechna.tn\/%d8%a7%d9%84%d8%a8%d8%aa%d8%a7%d8%aa\/#primaryimage\"},\"thumbnailUrl\":\"https:\/\/communehchechna.tn\/wp-content\/uploads\/2024\/05\/c4-217x300.jpg\",\"datePublished\":\"2024-05-07T09:19:13+00:00\",\"dateModified\":\"2024-06-28T08:55:27+00:00\",\"breadcrumb\":{\"@id\":\"https:\/\/communehchechna.tn\/%d8%a7%d9%84%d8%a8%d8%aa%d8%a7%d8%aa\/#breadcrumb\"},\"inLanguage\":\"fr-FR\",\"potentialAction\":[{\"@type\":\"ReadAction\",\"target\":[\"https:\/\/communehchechna.tn\/%d8%a7%d9%84%d8%a8%d8%aa%d8%a7%d8%aa\/\"]}]},{\"@type\":\"ImageObject\",\"inLanguage\":\"fr-FR\",\"@id\":\"https:\/\/communehchechna.tn\/%d8%a7%d9%84%d8%a8%d8%aa%d8%a7%d8%aa\/#primaryimage\",\"url\":\"https:\/\/communehchechna.tn\/wp-content\/uploads\/2024\/05\/c4-217x300.jpg\",\"contentUrl\":\"https:\/\/communehchechna.tn\/wp-content\/uploads\/2024\/05\/c4-217x300.jpg\"},{\"@type\":\"BreadcrumbList\",\"@id\":\"https:\/\/communehchechna.tn\/%d8%a7%d9%84%d8%a8%d8%aa%d8%a7%d8%aa\/#breadcrumb\",\"itemListElement\":[{\"@type\":\"ListItem\",\"position\":1,\"name\":\"Accueil\",\"item\":\"https:\/\/communehchechna.tn\/\"},{\"@type\":\"ListItem\",\"position\":2,\"name\":\"\u0627\u0644\u0628\u062a\u0627\u062a\"}]},{\"@type\":\"WebSite\",\"@id\":\"https:\/\/communehchechna.tn\/#website\",\"url\":\"https:\/\/communehchechna.tn\/\",\"name\":\"\",\"description\":\"\",\"potentialAction\":[{\"@type\":\"SearchAction\",\"target\":{\"@type\":\"EntryPoint\",\"urlTemplate\":\"https:\/\/communehchechna.tn\/?s={search_term_string}\"},\"query-input\":{\"@type\":\"PropertyValueSpecification\",\"valueRequired\":true,\"valueName\":\"search_term_string\"}}],\"inLanguage\":\"fr-FR\"}]}<\/script>\n<!-- \/ Yoast SEO plugin. -->","yoast_head_json":{"title":"\u0627\u0644\u0628\u062a\u0627\u062a -","robots":{"index":"index","follow":"follow","max-snippet":"max-snippet:-1","max-image-preview":"max-image-preview:large","max-video-preview":"max-video-preview:-1"},"canonical":"https:\/\/communehchechna.tn\/fr\/\u0627\u0644\u0628\u062a\u0627\u062a\/","og_locale":"fr_FR","og_type":"article","og_title":"\u0627\u0644\u0628\u062a\u0627\u062a -","og_description":"\u0627\u0644\u0628\u062a\u0627\u062a \u0627\u0644\u0639\u0645\u0648\u0645\u064a\u0629 \u0627\u0639\u0644\u0627\u0646 \u0628\u062a\u0629 \u0639\u0645\u0648\u0645\u064a\u0629 \u0644\u062a\u0633\u0648\u064a\u063a \u0645\u0622\u0648\u064a \u0627\u0644\u0633\u064a\u0627\u0631\u0627\u062a \u0627\u0644\u0643\u0627\u0626\u0646\u0629 \u0628\u0627\u0644\u0645\u0646\u0637\u0642\u0629 \u0627\u0644\u0628\u0644\u062f\u064a\u0629 \u0625\u0639\u0640\u0640\u0644\u0627\u0646 \u0628\u062a\u0629 \u0639\u0645\u0648\u0645\u064a\u0629 \u0628\u0627\u0644\u0625\u0634\u0647\u0627\u0631 \u0648 \u0627\u0644\u0645\u0632\u0627\u062f \u0627\u0644\u0639\u0644\u0646\u064a \u0644\u062a\u0633\u0648\u064a\u063a \u0627\u0644\u0633\u0648\u0642 [&hellip;]","og_url":"https:\/\/communehchechna.tn\/fr\/\u0627\u0644\u0628\u062a\u0627\u062a\/","article_modified_time":"2024-06-28T08:55:27+00:00","og_image":[{"url":"https:\/\/communehchechna.tn\/wp-content\/uploads\/2024\/05\/c4-217x300.jpg","type":"","width":"","height":""}],"twitter_card":"summary_large_image","twitter_misc":{"Dur\u00e9e de lecture estim\u00e9e":"1 minute"},"schema":{"@context":"https:\/\/schema.org","@graph":[{"@type":"WebPage","@id":"https:\/\/communehchechna.tn\/%d8%a7%d9%84%d8%a8%d8%aa%d8%a7%d8%aa\/","url":"https:\/\/communehchechna.tn\/%d8%a7%d9%84%d8%a8%d8%aa%d8%a7%d8%aa\/","name":"\u0627\u0644\u0628\u062a\u0627\u062a -","isPartOf":{"@id":"https:\/\/communehchechna.tn\/#website"},"primaryImageOfPage":{"@id":"https:\/\/communehchechna.tn\/%d8%a7%d9%84%d8%a8%d8%aa%d8%a7%d8%aa\/#primaryimage"},"image":{"@id":"https:\/\/communehchechna.tn\/%d8%a7%d9%84%d8%a8%d8%aa%d8%a7%d8%aa\/#primaryimage"},"thumbnailUrl":"https:\/\/communehchechna.tn\/wp-content\/uploads\/2024\/05\/c4-217x300.jpg","datePublished":"2024-05-07T09:19:13+00:00","dateModified":"2024-06-28T08:55:27+00:00","breadcrumb":{"@id":"https:\/\/communehchechna.tn\/%d8%a7%d9%84%d8%a8%d8%aa%d8%a7%d8%aa\/#breadcrumb"},"inLanguage":"fr-FR","potentialAction":[{"@type":"ReadAction","target":["https:\/\/communehchechna.tn\/%d8%a7%d9%84%d8%a8%d8%aa%d8%a7%d8%aa\/"]}]},{"@type":"ImageObject","inLanguage":"fr-FR","@id":"https:\/\/communehchechna.tn\/%d8%a7%d9%84%d8%a8%d8%aa%d8%a7%d8%aa\/#primaryimage","url":"https:\/\/communehchechna.tn\/wp-content\/uploads\/2024\/05\/c4-217x300.jpg","contentUrl":"https:\/\/communehchechna.tn\/wp-content\/uploads\/2024\/05\/c4-217x300.jpg"},{"@type":"BreadcrumbList","@id":"https:\/\/communehchechna.tn\/%d8%a7%d9%84%d8%a8%d8%aa%d8%a7%d8%aa\/#breadcrumb","itemListElement":[{"@type":"ListItem","position":1,"name":"Accueil","item":"https:\/\/communehchechna.tn\/"},{"@type":"ListItem","position":2,"name":"\u0627\u0644\u0628\u062a\u0627\u062a"}]},{"@type":"WebSite","@id":"https:\/\/communehchechna.tn\/#website","url":"https:\/\/communehchechna.tn\/","name":"","description":"","potentialAction":[{"@type":"SearchAction","target":{"@type":"EntryPoint","urlTemplate":"https:\/\/communehchechna.tn\/?s={search_term_string}"},"query-input":{"@type":"PropertyValueSpecification","valueRequired":true,"valueName":"search_term_string"}}],"inLanguage":"fr-FR"}]}},"_links":{"self":[{"href":"https:\/\/communehchechna.tn\/fr\/wp-json\/wp\/v2\/pages\/524","targetHints":{"allow":["GET"]}}],"collection":[{"href":"https:\/\/communehchechna.tn\/fr\/wp-json\/wp\/v2\/pages"}],"about":[{"href":"https:\/\/communehchechna.tn\/fr\/wp-json\/wp\/v2\/types\/page"}],"author":[{"embeddable":true,"href":"https:\/\/communehchechna.tn\/fr\/wp-json\/wp\/v2\/users\/1"}],"replies":[{"embeddable":true,"href":"https:\/\/communehchechna.tn\/fr\/wp-json\/wp\/v2\/comments?post=524"}],"version-history":[{"count":10,"href":"https:\/\/communehchechna.tn\/fr\/wp-json\/wp\/v2\/pages\/524\/revisions"}],"predecessor-version":[{"id":910,"href":"https:\/\/communehchechna.tn\/fr\/wp-json\/wp\/v2\/pages\/524\/revisions\/910"}],"wp:attachment":[{"href":"https:\/\/communehchechna.tn\/fr\/wp-json\/wp\/v2\/media?parent=524"}],"curies":[{"name":"wp","href":"https:\/\/api.w.org\/{rel}","templated":true}]}}