 {"id":703,"date":"2024-05-30T20:57:14","date_gmt":"2024-05-30T20:57:14","guid":{"rendered":"https:\/\/communehchechna.tn\/?page_id=703"},"modified":"2024-06-20T19:55:20","modified_gmt":"2024-06-20T19:55:20","slug":"brouillon-auto","status":"publish","type":"page","link":"https:\/\/communehchechna.tn\/fr\/brouillon-auto\/","title":{"rendered":"Espace citoyen"},"content":{"rendered":"<div data-elementor-type=\"wp-page\" data-elementor-id=\"703\" class=\"elementor elementor-703\">\n\t\t\t\t<div class=\"elementor-element elementor-element-019bffc e-flex e-con-boxed e-con e-parent\" data-id=\"019bffc\" data-element_type=\"container\" data-e-type=\"container\">\n\t\t\t\t\t<div class=\"e-con-inner\">\n\t\t\t\t<div class=\"elementor-element elementor-element-8bd54d8 elementor-widget elementor-widget-spacer\" data-id=\"8bd54d8\" data-element_type=\"widget\" data-e-type=\"widget\" data-widget_type=\"spacer.default\">\n\t\t\t\t<div class=\"elementor-widget-container\">\n\t\t\t\t\t\t\t<div class=\"elementor-spacer\">\n\t\t\t<div class=\"elementor-spacer-inner\"><\/div>\n\t\t<\/div>\n\t\t\t\t\t\t<\/div>\n\t\t\t\t<\/div>\n\t\t\t\t\t<\/div>\n\t\t\t\t<\/div>\n\t\t<div class=\"elementor-element elementor-element-1cea660 e-flex e-con-boxed e-con e-parent\" data-id=\"1cea660\" data-element_type=\"container\" data-e-type=\"container\">\n\t\t\t\t\t<div class=\"e-con-inner\">\n\t\t<div class=\"elementor-element elementor-element-87db542 e-con-full e-flex e-con e-child\" data-id=\"87db542\" data-element_type=\"container\" data-e-type=\"container\">\n\t\t\t\t<div class=\"elementor-element elementor-element-6a34196 elementor-widget elementor-widget-heading\" data-id=\"6a34196\" data-element_type=\"widget\" data-e-type=\"widget\" data-widget_type=\"heading.default\">\n\t\t\t\t<div class=\"elementor-widget-container\">\n\t\t\t\t\t<h2 class=\"elementor-heading-title elementor-size-default\"> Soumettre une Plainte <\/h2>\t\t\t\t<\/div>\n\t\t\t\t<\/div>\n\t\t<div class=\"elementor-element elementor-element-eda3dfd e-con-full e-flex e-con e-child\" data-id=\"eda3dfd\" data-element_type=\"container\" data-e-type=\"container\">\n\t\t\t\t<div class=\"elementor-element elementor-element-f1bb1c9 elementor-widget-divider--view-line elementor-widget elementor-widget-divider\" data-id=\"f1bb1c9\" data-element_type=\"widget\" data-e-type=\"widget\" data-widget_type=\"divider.default\">\n\t\t\t\t<div class=\"elementor-widget-container\">\n\t\t\t\t\t\t\t<div class=\"elementor-divider\">\n\t\t\t<span class=\"elementor-divider-separator\">\n\t\t\t\t\t\t<\/span>\n\t\t<\/div>\n\t\t\t\t\t\t<\/div>\n\t\t\t\t<\/div>\n\t\t\t\t<\/div>\n\t\t\t\t<\/div>\n\t\t<div class=\"elementor-element elementor-element-8a34a21 e-con-full e-flex e-con e-child\" data-id=\"8a34a21\" data-element_type=\"container\" data-e-type=\"container\">\n\t\t<div class=\"elementor-element elementor-element-c40c35e e-grid e-con-boxed e-con e-child\" data-id=\"c40c35e\" data-element_type=\"container\" data-e-type=\"container\">\n\t\t\t\t\t<div class=\"e-con-inner\">\n\t\t\t\t<div class=\"elementor-element elementor-element-2dbcaac elementor-widget elementor-widget-jbafe_lottie_animation\" data-id=\"2dbcaac\" data-element_type=\"widget\" data-e-type=\"widget\" data-widget_type=\"jbafe_lottie_animation.default\">\n\t\t\t\t<div class=\"elementor-widget-container\">\n\t\t\t\t\t<div id=\"jbafes-la69e644fba8f17\" class=\"jbafes-lotties-animation-wrapper jbafes-jbafes-la69e644fba8f17  align-center renderer-svg\"  style=\"margin-right: auto;margin-left: auto;\" data-id=\"jbafes-la69e644fba8f17\" data-path=\"https:\/\/lottie.host\/730a567c-8895-49a5-b1e0-8effcf67bc25\/tY0uTxGHtp.json\" data-loop=\"0\" data-anim_renderer=\"svg\" data-width=\"100%\" data-height=\"\" data-playspeed=\"0.5\" data-play_action=\"autoplay\" data-la_scrollbased=\"la_custom\" data-la_section_duration=\"500\" data-la_section_duration_tablet=\"500\" data-la_section_duration_mobile=\"500\" data-la_section_offset=\"0\" data-la_section_offset_tablet=\"0\" data-la_section_offset_mobile=\"0\" data-la_start_time=\"\" data-la_end_time=\"\"><\/div>\t\t\t\t<\/div>\n\t\t\t\t<\/div>\n\t\t\t\t<div class=\"elementor-element elementor-element-28f2fb8 elementor-widget elementor-widget-shortcode\" data-id=\"28f2fb8\" data-element_type=\"widget\" data-e-type=\"widget\" data-widget_type=\"shortcode.default\">\n\t\t\t\t<div class=\"elementor-widget-container\">\n\t\t\t\t\t\t\t<div class=\"elementor-shortcode\"><\/div>\n\t\t\t\t\t\t<\/div>\n\t\t\t\t<\/div>\n\t\t\t\t\t<\/div>\n\t\t\t\t<\/div>\n\t\t\t\t<\/div>\n\t\t\t\t\t<\/div>\n\t\t\t\t<\/div>\n\t\t<div class=\"elementor-element elementor-element-21ec81a e-flex e-con-boxed e-con e-parent\" data-id=\"21ec81a\" data-element_type=\"container\" data-e-type=\"container\">\n\t\t\t\t\t<div class=\"e-con-inner\">\n\t\t\t\t<div class=\"elementor-element elementor-element-b9da2da elementor-widget elementor-widget-spacer\" data-id=\"b9da2da\" data-element_type=\"widget\" data-e-type=\"widget\" data-widget_type=\"spacer.default\">\n\t\t\t\t<div class=\"elementor-widget-container\">\n\t\t\t\t\t\t\t<div class=\"elementor-spacer\">\n\t\t\t<div class=\"elementor-spacer-inner\"><\/div>\n\t\t<\/div>\n\t\t\t\t\t\t<\/div>\n\t\t\t\t<\/div>\n\t\t\t\t\t<\/div>\n\t\t\t\t<\/div>\n\t\t<div class=\"elementor-element elementor-element-b15806c e-flex e-con-boxed e-con e-parent\" data-id=\"b15806c\" data-element_type=\"container\" data-e-type=\"container\">\n\t\t\t\t\t<div class=\"e-con-inner\">\n\t\t\t\t<div class=\"elementor-element elementor-element-ea32aa9 elementor-widget elementor-widget-heading\" data-id=\"ea32aa9\" data-element_type=\"widget\" data-e-type=\"widget\" data-widget_type=\"heading.default\">\n\t\t\t\t<div class=\"elementor-widget-container\">\n\t\t\t\t\t<h2 class=\"elementor-heading-title elementor-size-default\">        Suivi d'un permis de construire    <\/h2>\t\t\t\t<\/div>\n\t\t\t\t<\/div>\n\t\t<div class=\"elementor-element elementor-element-8c0e670 e-con-full e-flex e-con e-child\" data-id=\"8c0e670\" data-element_type=\"container\" data-e-type=\"container\">\n\t\t\t\t<div class=\"elementor-element elementor-element-e687466 elementor-widget-divider--view-line elementor-widget elementor-widget-divider\" data-id=\"e687466\" data-element_type=\"widget\" data-e-type=\"widget\" data-widget_type=\"divider.default\">\n\t\t\t\t<div class=\"elementor-widget-container\">\n\t\t\t\t\t\t\t<div class=\"elementor-divider\">\n\t\t\t<span class=\"elementor-divider-separator\">\n\t\t\t\t\t\t<\/span>\n\t\t<\/div>\n\t\t\t\t\t\t<\/div>\n\t\t\t\t<\/div>\n\t\t<div class=\"elementor-element elementor-element-c3c6011 e-con-full e-flex e-con e-child\" data-id=\"c3c6011\" data-element_type=\"container\" data-e-type=\"container\">\n\t\t\t\t<div class=\"elementor-element elementor-element-62eceae elementor-widget elementor-widget-heading\" data-id=\"62eceae\" data-element_type=\"widget\" data-e-type=\"widget\" data-widget_type=\"heading.default\">\n\t\t\t\t<div class=\"elementor-widget-container\">\n\t\t\t\t\t<h2 class=\"elementor-heading-title elementor-size-default\">Bienvenue<\/h2>\t\t\t\t<\/div>\n\t\t\t\t<\/div>\n\t\t\t\t<\/div>\n\t\t\t\t<\/div>\n\t\t\t\t\t<\/div>\n\t\t\t\t<\/div>\n\t\t<div class=\"elementor-element elementor-element-d0b1ee9 e-con-full e-flex e-con e-parent\" data-id=\"d0b1ee9\" data-element_type=\"container\" data-e-type=\"container\">\n\t\t\t\t<div class=\"elementor-element elementor-element-9bdde1f elementor-widget__width-inherit elementor-widget elementor-widget-text-editor\" data-id=\"9bdde1f\" data-element_type=\"widget\" data-e-type=\"widget\" data-widget_type=\"text-editor.default\">\n\t\t\t\t<div class=\"elementor-widget-container\">\n\t\t\t\t\t\t\t\t\t<p>Pour conna\u00eetre l'\u00e9tat de votre permis de construire, veuillez saisir votre num\u00e9ro de carte d'identification, qui doit \u00eatre compos\u00e9 de 8 chiffres.<\/p>\t\t\t\t\t\t\t\t<\/div>\n\t\t\t\t<\/div>\n\t\t<div class=\"elementor-element elementor-element-1f5f893 e-con-full e-flex e-con e-child\" data-id=\"1f5f893\" data-element_type=\"container\" data-e-type=\"container\" data-settings=\"{&quot;background_background&quot;:&quot;classic&quot;}\">\n\t\t\t\t<div class=\"elementor-element elementor-element-7807ce2 elementor-widget__width-inherit elementor-widget elementor-widget-shortcode\" data-id=\"7807ce2\" data-element_type=\"widget\" data-e-type=\"widget\" data-widget_type=\"shortcode.default\">\n\t\t\t\t<div class=\"elementor-widget-container\">\n\t\t\t\t\t\t\t<div class=\"elementor-shortcode\"> <\/div>\n\t\t\t\t\t\t<\/div>\n\t\t\t\t<\/div>\n\t\t\t\t<\/div>\n\t\t\t\t<\/div>\n\t\t<div class=\"elementor-element elementor-element-b3d5bf1 e-flex e-con-boxed e-con e-parent\" data-id=\"b3d5bf1\" data-element_type=\"container\" data-e-type=\"container\">\n\t\t\t\t\t<div class=\"e-con-inner\">\n\t\t\t\t<div class=\"elementor-element elementor-element-b0a5955 elementor-widget elementor-widget-spacer\" data-id=\"b0a5955\" data-element_type=\"widget\" data-e-type=\"widget\" data-widget_type=\"spacer.default\">\n\t\t\t\t<div class=\"elementor-widget-container\">\n\t\t\t\t\t\t\t<div class=\"elementor-spacer\">\n\t\t\t<div class=\"elementor-spacer-inner\"><\/div>\n\t\t<\/div>\n\t\t\t\t\t\t<\/div>\n\t\t\t\t<\/div>\n\t\t\t\t\t<\/div>\n\t\t\t\t<\/div>\n\t\t<div class=\"elementor-element elementor-element-d44f452 e-flex e-con-boxed e-con e-parent\" data-id=\"d44f452\" data-element_type=\"container\" data-e-type=\"container\">\n\t\t\t\t\t<div class=\"e-con-inner\">\n\t\t<div class=\"elementor-element elementor-element-60cc24b e-con-full e-flex e-con e-child\" data-id=\"60cc24b\" data-element_type=\"container\" data-e-type=\"container\">\n\t\t\t\t<div class=\"elementor-element elementor-element-2913bbd elementor-widget elementor-widget-heading\" data-id=\"2913bbd\" data-element_type=\"widget\" data-e-type=\"widget\" data-widget_type=\"heading.default\">\n\t\t\t\t<div class=\"elementor-widget-container\">\n\t\t\t\t\t<h2 class=\"elementor-heading-title elementor-size-default\">Suivi du permis d'\u00e9lectricit\u00e9 <\/h2>\t\t\t\t<\/div>\n\t\t\t\t<\/div>\n\t\t<div class=\"elementor-element elementor-element-2c5192c e-con-full e-flex e-con e-child\" data-id=\"2c5192c\" data-element_type=\"container\" data-e-type=\"container\">\n\t\t\t\t<div class=\"elementor-element elementor-element-ff5987f elementor-widget-divider--view-line elementor-widget elementor-widget-divider\" data-id=\"ff5987f\" data-element_type=\"widget\" data-e-type=\"widget\" data-widget_type=\"divider.default\">\n\t\t\t\t<div class=\"elementor-widget-container\">\n\t\t\t\t\t\t\t<div class=\"elementor-divider\">\n\t\t\t<span class=\"elementor-divider-separator\">\n\t\t\t\t\t\t<\/span>\n\t\t<\/div>\n\t\t\t\t\t\t<\/div>\n\t\t\t\t<\/div>\n\t\t<div class=\"elementor-element elementor-element-f3a5a84 e-con-full e-flex e-con e-child\" data-id=\"f3a5a84\" data-element_type=\"container\" data-e-type=\"container\">\n\t\t\t\t<div class=\"elementor-element elementor-element-c358d99 elementor-widget elementor-widget-heading\" data-id=\"c358d99\" data-element_type=\"widget\" data-e-type=\"widget\" data-widget_type=\"heading.default\">\n\t\t\t\t<div class=\"elementor-widget-container\">\n\t\t\t\t\t<h2 class=\"elementor-heading-title elementor-size-default\">Bienvenue<\/h2>\t\t\t\t<\/div>\n\t\t\t\t<\/div>\n\t\t\t\t<\/div>\n\t\t\t\t<\/div>\n\t\t\t\t<\/div>\n\t\t\t\t\t<\/div>\n\t\t\t\t<\/div>\n\t\t<div class=\"elementor-element elementor-element-a030eb0 e-flex e-con-boxed e-con e-parent\" data-id=\"a030eb0\" data-element_type=\"container\" data-e-type=\"container\">\n\t\t\t\t\t<div class=\"e-con-inner\">\n\t\t<div class=\"elementor-element elementor-element-a4fbc6d e-con-full e-flex e-con e-child\" data-id=\"a4fbc6d\" data-element_type=\"container\" data-e-type=\"container\">\n\t\t\t\t<div class=\"elementor-element elementor-element-54a4c0b elementor-widget__width-inherit elementor-widget elementor-widget-text-editor\" data-id=\"54a4c0b\" data-element_type=\"widget\" data-e-type=\"widget\" data-widget_type=\"text-editor.default\">\n\t\t\t\t<div class=\"elementor-widget-container\">\n\t\t\t\t\t\t\t\t\t<p>Pour conna\u00eetre l'\u00e9tat de votre permis d'\u00e9lectricit\u00e9, veuillez entrer votre num\u00e9ro de carte d'identit\u00e9 compos\u00e9 obligatoirement de 8 chiffres.<\/p>\t\t\t\t\t\t\t\t<\/div>\n\t\t\t\t<\/div>\n\t\t<div class=\"elementor-element elementor-element-ba50a29 e-con-full e-flex e-con e-child\" data-id=\"ba50a29\" data-element_type=\"container\" data-e-type=\"container\" data-settings=\"{&quot;background_background&quot;:&quot;classic&quot;}\">\n\t\t\t\t<div class=\"elementor-element elementor-element-6427111 elementor-widget__width-inherit elementor-widget elementor-widget-shortcode\" data-id=\"6427111\" data-element_type=\"widget\" data-e-type=\"widget\" data-widget_type=\"shortcode.default\">\n\t\t\t\t<div class=\"elementor-widget-container\">\n\t\t\t\t\t\t\t<div class=\"elementor-shortcode\"> <\/div>\n\t\t\t\t\t\t<\/div>\n\t\t\t\t<\/div>\n\t\t\t\t<\/div>\n\t\t\t\t<\/div>\n\t\t\t\t\t<\/div>\n\t\t\t\t<\/div>\n\t\t\t\t<\/div>","protected":false},"excerpt":{"rendered":"<p>\u062a\u0642\u062f\u064a\u0645 \u0634\u0643\u0627\u064a\u0629 \u0645\u062a\u0627\u0628\u0639\u0629 \u0631\u062e\u0635\u0629 \u0628\u0646\u0627\u0621 \u0645\u0640\u0640\u0640\u0640\u0631\u062d\u0628\u0627 \u0644\u0645\u0639\u0631\u0641\u0629 \u0637\u0648\u0631 \u0631\u062e\u0635\u0629 \u0627\u0644\u0628\u0646\u0627\u0621 \u062e\u0627\u0635\u062a\u0643\u0645\u060c \u0627\u0644\u0631\u062c\u0627\u0621 \u0625\u062f\u062e\u0627\u0644 \u0631\u0642\u0645 \u0628\u0637\u0627\u0642\u0629 \u062a\u0639\u0631\u064a\u0641\u0643\u0645 \u0627\u0644\u0645\u0643\u0648\u0646 \u0648\u062c\u0648\u0628\u0627 \u0645\u0646 8 [&hellip;]<\/p>","protected":false},"author":1,"featured_media":0,"parent":0,"menu_order":0,"comment_status":"closed","ping_status":"closed","template":"","meta":{"site-sidebar-layout":"no-sidebar","site-content-layout":"","ast-site-content-layout":"full-width-container","site-content-style":"default","site-sidebar-style":"default","ast-global-header-display":"","ast-banner-title-visibility":"","ast-main-header-display":"","ast-hfb-above-header-display":"","ast-hfb-below-header-display":"","ast-hfb-mobile-header-display":"","site-post-title":"","ast-breadcrumbs-content":"","ast-featured-img":"disabled","footer-sml-layout":"","theme-transparent-header-meta":"","adv-header-id-meta":"","stick-header-meta":"","header-above-stick-meta":"","header-main-stick-meta":"","header-below-stick-meta":"","astra-migrate-meta-layouts":"default","ast-page-background-enabled":"default","ast-page-background-meta":{"desktop":{"background-color":"var(--ast-global-color-4)","background-image":"","background-repeat":"repeat","background-position":"center center","background-size":"auto","background-attachment":"scroll","background-type":"","background-media":"","overlay-type":"","overlay-color":"","overlay-gradient":""},"tablet":{"background-color":"","background-image":"","background-repeat":"repeat","background-position":"center center","background-size":"auto","background-attachment":"scroll","background-type":"","background-media":"","overlay-type":"","overlay-color":"","overlay-gradient":""},"mobile":{"background-color":"","background-image":"","background-repeat":"repeat","background-position":"center center","background-size":"auto","background-attachment":"scroll","background-type":"","background-media":"","overlay-type":"","overlay-color":"","overlay-gradient":""}},"ast-content-background-meta":{"desktop":{"background-color":"var(--ast-global-color-5)","background-image":"","background-repeat":"repeat","background-position":"center center","background-size":"auto","background-attachment":"scroll","background-type":"","background-media":"","overlay-type":"","overlay-color":"","overlay-gradient":""},"tablet":{"background-color":"var(--ast-global-color-5)","background-image":"","background-repeat":"repeat","background-position":"center center","background-size":"auto","background-attachment":"scroll","background-type":"","background-media":"","overlay-type":"","overlay-color":"","overlay-gradient":""},"mobile":{"background-color":"var(--ast-global-color-5)","background-image":"","background-repeat":"repeat","background-position":"center center","background-size":"auto","background-attachment":"scroll","background-type":"","background-media":"","overlay-type":"","overlay-color":"","overlay-gradient":""}},"footnotes":""},"class_list":["post-703","page","type-page","status-publish","hentry"],"yoast_head":"<!-- This site is optimized with the Yoast SEO plugin v24.4 - https:\/\/yoast.com\/wordpress\/plugins\/seo\/ -->\n<title>\u0641\u0636\u0627\u0621 \u0627\u0644\u0645\u0648\u0627\u0637\u0646 -<\/title>\n<meta name=\"robots\" content=\"index, follow, max-snippet:-1, max-image-preview:large, max-video-preview:-1\" \/>\n<link rel=\"canonical\" href=\"https:\/\/communehchechna.tn\/fr\/brouillon-auto\/\" \/>\n<meta property=\"og:locale\" content=\"fr_FR\" \/>\n<meta property=\"og:type\" content=\"article\" \/>\n<meta property=\"og:title\" content=\"\u0641\u0636\u0627\u0621 \u0627\u0644\u0645\u0648\u0627\u0637\u0646 -\" \/>\n<meta property=\"og:description\" content=\"\u062a\u0642\u062f\u064a\u0645 \u0634\u0643\u0627\u064a\u0629 \u0645\u062a\u0627\u0628\u0639\u0629 \u0631\u062e\u0635\u0629 \u0628\u0646\u0627\u0621 \u0645\u0640\u0640\u0640\u0640\u0631\u062d\u0628\u0627 \u0644\u0645\u0639\u0631\u0641\u0629 \u0637\u0648\u0631 \u0631\u062e\u0635\u0629 \u0627\u0644\u0628\u0646\u0627\u0621 \u062e\u0627\u0635\u062a\u0643\u0645\u060c \u0627\u0644\u0631\u062c\u0627\u0621 \u0625\u062f\u062e\u0627\u0644 \u0631\u0642\u0645 \u0628\u0637\u0627\u0642\u0629 \u062a\u0639\u0631\u064a\u0641\u0643\u0645 \u0627\u0644\u0645\u0643\u0648\u0646 \u0648\u062c\u0648\u0628\u0627 \u0645\u0646 8 [&hellip;]\" \/>\n<meta property=\"og:url\" content=\"https:\/\/communehchechna.tn\/fr\/brouillon-auto\/\" \/>\n<meta property=\"article:modified_time\" content=\"2024-06-20T19:55:20+00:00\" \/>\n<meta name=\"twitter:card\" content=\"summary_large_image\" \/>\n<meta name=\"twitter:label1\" content=\"Dur\u00e9e de lecture estim\u00e9e\" \/>\n\t<meta name=\"twitter:data1\" content=\"1 minute\" \/>\n<script type=\"application\/ld+json\" class=\"yoast-schema-graph\">{\"@context\":\"https:\/\/schema.org\",\"@graph\":[{\"@type\":\"WebPage\",\"@id\":\"https:\/\/communehchechna.tn\/brouillon-auto\/\",\"url\":\"https:\/\/communehchechna.tn\/brouillon-auto\/\",\"name\":\"\u0641\u0636\u0627\u0621 \u0627\u0644\u0645\u0648\u0627\u0637\u0646 -\",\"isPartOf\":{\"@id\":\"https:\/\/communehchechna.tn\/#website\"},\"datePublished\":\"2024-05-30T20:57:14+00:00\",\"dateModified\":\"2024-06-20T19:55:20+00:00\",\"breadcrumb\":{\"@id\":\"https:\/\/communehchechna.tn\/brouillon-auto\/#breadcrumb\"},\"inLanguage\":\"fr-FR\",\"potentialAction\":[{\"@type\":\"ReadAction\",\"target\":[\"https:\/\/communehchechna.tn\/brouillon-auto\/\"]}]},{\"@type\":\"BreadcrumbList\",\"@id\":\"https:\/\/communehchechna.tn\/brouillon-auto\/#breadcrumb\",\"itemListElement\":[{\"@type\":\"ListItem\",\"position\":1,\"name\":\"Accueil\",\"item\":\"https:\/\/communehchechna.tn\/\"},{\"@type\":\"ListItem\",\"position\":2,\"name\":\"\u0641\u0636\u0627\u0621 \u0627\u0644\u0645\u0648\u0627\u0637\u0646\"}]},{\"@type\":\"WebSite\",\"@id\":\"https:\/\/communehchechna.tn\/#website\",\"url\":\"https:\/\/communehchechna.tn\/\",\"name\":\"\",\"description\":\"\",\"potentialAction\":[{\"@type\":\"SearchAction\",\"target\":{\"@type\":\"EntryPoint\",\"urlTemplate\":\"https:\/\/communehchechna.tn\/?s={search_term_string}\"},\"query-input\":{\"@type\":\"PropertyValueSpecification\",\"valueRequired\":true,\"valueName\":\"search_term_string\"}}],\"inLanguage\":\"fr-FR\"}]}<\/script>\n<!-- \/ Yoast SEO plugin. -->","yoast_head_json":{"title":"\u0641\u0636\u0627\u0621 \u0627\u0644\u0645\u0648\u0627\u0637\u0646 -","robots":{"index":"index","follow":"follow","max-snippet":"max-snippet:-1","max-image-preview":"max-image-preview:large","max-video-preview":"max-video-preview:-1"},"canonical":"https:\/\/communehchechna.tn\/fr\/brouillon-auto\/","og_locale":"fr_FR","og_type":"article","og_title":"\u0641\u0636\u0627\u0621 \u0627\u0644\u0645\u0648\u0627\u0637\u0646 -","og_description":"\u062a\u0642\u062f\u064a\u0645 \u0634\u0643\u0627\u064a\u0629 \u0645\u062a\u0627\u0628\u0639\u0629 \u0631\u062e\u0635\u0629 \u0628\u0646\u0627\u0621 \u0645\u0640\u0640\u0640\u0640\u0631\u062d\u0628\u0627 \u0644\u0645\u0639\u0631\u0641\u0629 \u0637\u0648\u0631 \u0631\u062e\u0635\u0629 \u0627\u0644\u0628\u0646\u0627\u0621 \u062e\u0627\u0635\u062a\u0643\u0645\u060c \u0627\u0644\u0631\u062c\u0627\u0621 \u0625\u062f\u062e\u0627\u0644 \u0631\u0642\u0645 \u0628\u0637\u0627\u0642\u0629 \u062a\u0639\u0631\u064a\u0641\u0643\u0645 \u0627\u0644\u0645\u0643\u0648\u0646 \u0648\u062c\u0648\u0628\u0627 \u0645\u0646 8 [&hellip;]","og_url":"https:\/\/communehchechna.tn\/fr\/brouillon-auto\/","article_modified_time":"2024-06-20T19:55:20+00:00","twitter_card":"summary_large_image","twitter_misc":{"Dur\u00e9e de lecture estim\u00e9e":"1 minute"},"schema":{"@context":"https:\/\/schema.org","@graph":[{"@type":"WebPage","@id":"https:\/\/communehchechna.tn\/brouillon-auto\/","url":"https:\/\/communehchechna.tn\/brouillon-auto\/","name":"\u0641\u0636\u0627\u0621 \u0627\u0644\u0645\u0648\u0627\u0637\u0646 -","isPartOf":{"@id":"https:\/\/communehchechna.tn\/#website"},"datePublished":"2024-05-30T20:57:14+00:00","dateModified":"2024-06-20T19:55:20+00:00","breadcrumb":{"@id":"https:\/\/communehchechna.tn\/brouillon-auto\/#breadcrumb"},"inLanguage":"fr-FR","potentialAction":[{"@type":"ReadAction","target":["https:\/\/communehchechna.tn\/brouillon-auto\/"]}]},{"@type":"BreadcrumbList","@id":"https:\/\/communehchechna.tn\/brouillon-auto\/#breadcrumb","itemListElement":[{"@type":"ListItem","position":1,"name":"Accueil","item":"https:\/\/communehchechna.tn\/"},{"@type":"ListItem","position":2,"name":"\u0641\u0636\u0627\u0621 \u0627\u0644\u0645\u0648\u0627\u0637\u0646"}]},{"@type":"WebSite","@id":"https:\/\/communehchechna.tn\/#website","url":"https:\/\/communehchechna.tn\/","name":"","description":"","potentialAction":[{"@type":"SearchAction","target":{"@type":"EntryPoint","urlTemplate":"https:\/\/communehchechna.tn\/?s={search_term_string}"},"query-input":{"@type":"PropertyValueSpecification","valueRequired":true,"valueName":"search_term_string"}}],"inLanguage":"fr-FR"}]}},"_links":{"self":[{"href":"https:\/\/communehchechna.tn\/fr\/wp-json\/wp\/v2\/pages\/703","targetHints":{"allow":["GET"]}}],"collection":[{"href":"https:\/\/communehchechna.tn\/fr\/wp-json\/wp\/v2\/pages"}],"about":[{"href":"https:\/\/communehchechna.tn\/fr\/wp-json\/wp\/v2\/types\/page"}],"author":[{"embeddable":true,"href":"https:\/\/communehchechna.tn\/fr\/wp-json\/wp\/v2\/users\/1"}],"replies":[{"embeddable":true,"href":"https:\/\/communehchechna.tn\/fr\/wp-json\/wp\/v2\/comments?post=703"}],"version-history":[{"count":24,"href":"https:\/\/communehchechna.tn\/fr\/wp-json\/wp\/v2\/pages\/703\/revisions"}],"predecessor-version":[{"id":881,"href":"https:\/\/communehchechna.tn\/fr\/wp-json\/wp\/v2\/pages\/703\/revisions\/881"}],"wp:attachment":[{"href":"https:\/\/communehchechna.tn\/fr\/wp-json\/wp\/v2\/media?parent=703"}],"curies":[{"name":"wp","href":"https:\/\/api.w.org\/{rel}","templated":true}]}}