 {"id":827,"date":"2024-06-03T20:57:45","date_gmt":"2024-06-03T20:57:45","guid":{"rendered":"https:\/\/communehchechna.tn\/?page_id=827"},"modified":"2024-06-03T22:42:39","modified_gmt":"2024-06-03T22:42:39","slug":"%d8%a7%d9%84%d9%86%d9%81%d8%a7%d8%b0-%d8%a7%d9%84%d9%89-%d8%a7%d9%84%d9%85%d8%b9%d9%84%d9%80%d9%80%d9%80%d9%88%d9%85%d8%a9","status":"publish","type":"page","link":"https:\/\/communehchechna.tn\/fr\/%d8%a7%d9%84%d9%86%d9%81%d8%a7%d8%b0-%d8%a7%d9%84%d9%89-%d8%a7%d9%84%d9%85%d8%b9%d9%84%d9%80%d9%80%d9%80%d9%88%d9%85%d8%a9\/","title":{"rendered":"Acc\u00e8s \u00e0 l'information"},"content":{"rendered":"<div data-elementor-type=\"wp-page\" data-elementor-id=\"827\" class=\"elementor elementor-827\">\n\t\t\t\t<div class=\"elementor-element elementor-element-a59f301 e-flex e-con-boxed e-con e-parent\" data-id=\"a59f301\" data-element_type=\"container\" data-e-type=\"container\">\n\t\t\t\t\t<div class=\"e-con-inner\">\n\t\t\t\t<div class=\"elementor-element elementor-element-6a9c02e elementor-widget elementor-widget-spacer\" data-id=\"6a9c02e\" data-element_type=\"widget\" data-e-type=\"widget\" data-widget_type=\"spacer.default\">\n\t\t\t\t<div class=\"elementor-widget-container\">\n\t\t\t\t\t\t\t<div class=\"elementor-spacer\">\n\t\t\t<div class=\"elementor-spacer-inner\"><\/div>\n\t\t<\/div>\n\t\t\t\t\t\t<\/div>\n\t\t\t\t<\/div>\n\t\t\t\t\t<\/div>\n\t\t\t\t<\/div>\n\t\t<div class=\"elementor-element elementor-element-6510f2b e-flex e-con-boxed e-con e-parent\" data-id=\"6510f2b\" data-element_type=\"container\" data-e-type=\"container\">\n\t\t\t\t\t<div class=\"e-con-inner\">\n\t\t\t\t<div class=\"elementor-element elementor-element-74a58ad elementor-widget elementor-widget-heading\" data-id=\"74a58ad\" data-element_type=\"widget\" data-e-type=\"widget\" data-widget_type=\"heading.default\">\n\t\t\t\t<div class=\"elementor-widget-container\">\n\t\t\t\t\t<h2 class=\"elementor-heading-title elementor-size-default\">Acc\u00e8s \u00e0 l'information<\/h2>\t\t\t\t<\/div>\n\t\t\t\t<\/div>\n\t\t\t\t\t<\/div>\n\t\t\t\t<\/div>\n\t\t<div class=\"elementor-element elementor-element-03232b5 e-flex e-con-boxed e-con e-parent\" data-id=\"03232b5\" data-element_type=\"container\" data-e-type=\"container\">\n\t\t\t\t\t<div class=\"e-con-inner\">\n\t\t\t\t<div class=\"elementor-element elementor-element-c8a7ef9 elementor-widget elementor-widget-toggle\" data-id=\"c8a7ef9\" data-element_type=\"widget\" data-e-type=\"widget\" data-widget_type=\"toggle.default\">\n\t\t\t\t<div class=\"elementor-widget-container\">\n\t\t\t\t\t\t\t<div class=\"elementor-toggle\">\n\t\t\t\t\t\t\t<div class=\"elementor-toggle-item\">\n\t\t\t\t\t<div id=\"elementor-tab-title-2101\" class=\"elementor-tab-title\" data-tab=\"1\" role=\"button\" aria-controls=\"elementor-tab-content-2101\" aria-expanded=\"false\">\n\t\t\t\t\t\t\t\t\t\t\t\t<span class=\"elementor-toggle-icon elementor-toggle-icon-right\" aria-hidden=\"true\">\n\t\t\t\t\t\t\t\t\t\t\t\t\t\t\t<span class=\"elementor-toggle-icon-closed\"><svg class=\"e-font-icon-svg e-fas-caret-left\" viewbox=\"0 0 192 512\" xmlns=\"http:\/\/www.w3.org\/2000\/svg\"><path d=\"M192 127.338v257.324c0 17.818-21.543 26.741-34.142 14.142L29.196 270.142c-7.81-7.81-7.81-20.474 0-28.284l128.662-128.662c12.599-12.6 34.142-3.676 34.142 14.142z\"><\/path><\/svg><\/span>\n\t\t\t\t\t\t\t\t<span class=\"elementor-toggle-icon-opened\"><svg class=\"elementor-toggle-icon-opened e-font-icon-svg e-fas-caret-up\" viewbox=\"0 0 320 512\" xmlns=\"http:\/\/www.w3.org\/2000\/svg\"><path d=\"M288.662 352H31.338c-17.818 0-26.741-21.543-14.142-34.142l128.662-128.662c7.81-7.81 20.474-7.81 28.284 0l128.662 128.662c12.6 12.599 3.676 34.142-14.142 34.142z\"><\/path><\/svg><\/span>\n\t\t\t\t\t\t\t\t\t\t\t\t\t<\/span>\n\t\t\t\t\t\t\t\t\t\t\t\t<a class=\"elementor-toggle-title\" tabindex=\"0\"> le droit \u00e0 l'acc\u00e8s \u00e0 l'information <\/a>\n\t\t\t\t\t<\/div>\n\n\t\t\t\t\t<div id=\"elementor-tab-content-2101\" class=\"elementor-tab-content elementor-clearfix\" data-tab=\"1\" role=\"region\" aria-labelledby=\"elementor-tab-title-2101\"><p><a href=\"https:\/\/communehchechna.tn\/wp-content\/uploads\/2024\/06\/\u0648\u062b\u064a\u0642\u0629-\u0627\u062f\u0627\u0631\u064a\u0629.pdf\" class=\"pdfemb-viewer\" style=\"\" data-width=\"max\" data-height=\"max\" data-toolbar=\"top\" data-toolbar-fixed=\"on\">\u0648\u062b\u064a\u0642\u0629 \u0627\u062f\u0627\u0631\u064a\u0629<\/a><\/p><\/div>\n\t\t\t\t<\/div>\n\t\t\t\t\t\t\t<div class=\"elementor-toggle-item\">\n\t\t\t\t\t<div id=\"elementor-tab-title-2102\" class=\"elementor-tab-title\" data-tab=\"2\" role=\"button\" aria-controls=\"elementor-tab-content-2102\" aria-expanded=\"false\">\n\t\t\t\t\t\t\t\t\t\t\t\t<span class=\"elementor-toggle-icon elementor-toggle-icon-right\" aria-hidden=\"true\">\n\t\t\t\t\t\t\t\t\t\t\t\t\t\t\t<span class=\"elementor-toggle-icon-closed\"><svg class=\"e-font-icon-svg e-fas-caret-left\" viewbox=\"0 0 192 512\" xmlns=\"http:\/\/www.w3.org\/2000\/svg\"><path d=\"M192 127.338v257.324c0 17.818-21.543 26.741-34.142 14.142L29.196 270.142c-7.81-7.81-7.81-20.474 0-28.284l128.662-128.662c12.599-12.6 34.142-3.676 34.142 14.142z\"><\/path><\/svg><\/span>\n\t\t\t\t\t\t\t\t<span class=\"elementor-toggle-icon-opened\"><svg class=\"elementor-toggle-icon-opened e-font-icon-svg e-fas-caret-up\" viewbox=\"0 0 320 512\" xmlns=\"http:\/\/www.w3.org\/2000\/svg\"><path d=\"M288.662 352H31.338c-17.818 0-26.741-21.543-14.142-34.142l128.662-128.662c7.81-7.81 20.474-7.81 28.284 0l128.662 128.662c12.6 12.599 3.676 34.142-14.142 34.142z\"><\/path><\/svg><\/span>\n\t\t\t\t\t\t\t\t\t\t\t\t\t<\/span>\n\t\t\t\t\t\t\t\t\t\t\t\t<a class=\"elementor-toggle-title\" tabindex=\"0\"> Demander un recours aupr\u00e8s du chef d'\u00e9tablissement<\/a>\n\t\t\t\t\t<\/div>\n\n\t\t\t\t\t<div id=\"elementor-tab-content-2102\" class=\"elementor-tab-content elementor-clearfix\" data-tab=\"2\" role=\"region\" aria-labelledby=\"elementor-tab-title-2102\"><p><a href=\"https:\/\/communehchechna.tn\/wp-content\/uploads\/2024\/06\/\u062a\u0638\u0644\u0645.pdf\" class=\"pdfemb-viewer\" style=\"\" data-width=\"max\" data-height=\"max\" data-toolbar=\"top\" data-toolbar-fixed=\"on\">\u062a\u0638\u0644\u0645<\/a><\/p><\/div>\n\t\t\t\t<\/div>\n\t\t\t\t\t\t\t\t<\/div>\n\t\t\t\t\t\t<\/div>\n\t\t\t\t<\/div>\n\t\t\t\t\t<\/div>\n\t\t\t\t<\/div>\n\t\t<div class=\"elementor-element elementor-element-0eeb173 e-flex e-con-boxed e-con e-parent\" data-id=\"0eeb173\" data-element_type=\"container\" data-e-type=\"container\">\n\t\t\t\t\t<div class=\"e-con-inner\">\n\t\t\t\t<div class=\"elementor-element elementor-element-b554997 elementor-widget elementor-widget-spacer\" data-id=\"b554997\" data-element_type=\"widget\" data-e-type=\"widget\" data-widget_type=\"spacer.default\">\n\t\t\t\t<div class=\"elementor-widget-container\">\n\t\t\t\t\t\t\t<div class=\"elementor-spacer\">\n\t\t\t<div class=\"elementor-spacer-inner\"><\/div>\n\t\t<\/div>\n\t\t\t\t\t\t<\/div>\n\t\t\t\t<\/div>\n\t\t\t\t\t<\/div>\n\t\t\t\t<\/div>\n\t\t<div class=\"elementor-element elementor-element-067f504 e-flex e-con-boxed e-con e-parent\" data-id=\"067f504\" data-element_type=\"container\" data-e-type=\"container\">\n\t\t\t\t\t<div class=\"e-con-inner\">\n\t\t\t\t<div class=\"elementor-element elementor-element-d5aafea elementor-widget elementor-widget-heading\" data-id=\"d5aafea\" data-element_type=\"widget\" data-e-type=\"widget\" data-widget_type=\"heading.default\">\n\t\t\t\t<div class=\"elementor-widget-container\">\n\t\t\t\t\t<h2 class=\"elementor-heading-title elementor-size-default\"> Guide pour acc\u00e9der aux informations<\/h2>\t\t\t\t<\/div>\n\t\t\t\t<\/div>\n\t\t\t\t\t<\/div>\n\t\t\t\t<\/div>\n\t\t<div class=\"elementor-element elementor-element-a813fe8 e-flex e-con-boxed e-con e-parent\" data-id=\"a813fe8\" data-element_type=\"container\" data-e-type=\"container\">\n\t\t\t\t\t<div class=\"e-con-inner\">\n\t\t\t\t<div class=\"elementor-element elementor-element-62904c3 elementor-widget elementor-widget-toggle\" data-id=\"62904c3\" data-element_type=\"widget\" data-e-type=\"widget\" data-widget_type=\"toggle.default\">\n\t\t\t\t<div class=\"elementor-widget-container\">\n\t\t\t\t\t\t\t<div class=\"elementor-toggle\">\n\t\t\t\t\t\t\t<div class=\"elementor-toggle-item\">\n\t\t\t\t\t<div id=\"elementor-tab-title-1031\" class=\"elementor-tab-title\" data-tab=\"1\" role=\"button\" aria-controls=\"elementor-tab-content-1031\" aria-expanded=\"false\">\n\t\t\t\t\t\t\t\t\t\t\t\t<span class=\"elementor-toggle-icon elementor-toggle-icon-right\" aria-hidden=\"true\">\n\t\t\t\t\t\t\t\t\t\t\t\t\t\t\t<span class=\"elementor-toggle-icon-closed\"><svg class=\"e-font-icon-svg e-fas-caret-left\" viewbox=\"0 0 192 512\" xmlns=\"http:\/\/www.w3.org\/2000\/svg\"><path d=\"M192 127.338v257.324c0 17.818-21.543 26.741-34.142 14.142L29.196 270.142c-7.81-7.81-7.81-20.474 0-28.284l128.662-128.662c12.599-12.6 34.142-3.676 34.142 14.142z\"><\/path><\/svg><\/span>\n\t\t\t\t\t\t\t\t<span class=\"elementor-toggle-icon-opened\"><svg class=\"elementor-toggle-icon-opened e-font-icon-svg e-fas-caret-up\" viewbox=\"0 0 320 512\" xmlns=\"http:\/\/www.w3.org\/2000\/svg\"><path d=\"M288.662 352H31.338c-17.818 0-26.741-21.543-14.142-34.142l128.662-128.662c7.81-7.81 20.474-7.81 28.284 0l128.662 128.662c12.6 12.599 3.676 34.142-14.142 34.142z\"><\/path><\/svg><\/span>\n\t\t\t\t\t\t\t\t\t\t\t\t\t<\/span>\n\t\t\t\t\t\t\t\t\t\t\t\t<a class=\"elementor-toggle-title\" tabindex=\"0\">Guide pour acc\u00e9der aux informations<\/a>\n\t\t\t\t\t<\/div>\n\n\t\t\t\t\t<div id=\"elementor-tab-content-1031\" class=\"elementor-tab-content elementor-clearfix\" data-tab=\"1\" role=\"region\" aria-labelledby=\"elementor-tab-title-1031\"><p><a href=\"https:\/\/communehchechna.tn\/wp-content\/uploads\/2024\/06\/acces_compressed.pdf\" class=\"pdfemb-viewer\" style=\"\" data-width=\"max\" data-height=\"max\" data-toolbar=\"top\" data-toolbar-fixed=\"on\"> \u062f\u0644\u0628\u0644<\/a><\/p><\/div>\n\t\t\t\t<\/div>\n\t\t\t\t\t\t\t\t<\/div>\n\t\t\t\t\t\t<\/div>\n\t\t\t\t<\/div>\n\t\t\t\t\t<\/div>\n\t\t\t\t<\/div>\n\t\t\t\t<\/div>","protected":false},"excerpt":{"rendered":"<p>\u0627\u0644\u0646\u0641\u0627\u0630 \u0627\u0644\u0649 \u0627\u0644\u0645\u0639\u0640\u0640\u0644\u0648\u0645\u0629 \u0645\u0637\u0644\u0628 \u0627\u0644\u0646\u0641\u0627\u0630 \u0625\u0644\u0649 \u0627\u0644\u0645\u0639\u0644\u0648\u0645\u0629 \u0648\u062b\u064a\u0642\u0629 \u0627\u062f\u0627\u0631\u064a\u0629 \u0645\u0637\u0644\u0628 \u062a\u0638\u0644\u0645 \u0644\u062f\u0649 \u0631\u0626\u064a\u0633 \u0627\u0644\u0647\u064a\u0643\u0644 \u062a\u0638\u0644\u0645 \u062f\u0644\u064a\u0644 \u0627\u0644\u0646\u0641\u0627\u0630 \u0627\u0644\u0649 \u0627\u0644\u0645\u0639\u0644\u0648\u0645\u0629 \u062f\u0644\u064a\u0644 [&hellip;]<\/p>","protected":false},"author":1,"featured_media":0,"parent":0,"menu_order":0,"comment_status":"closed","ping_status":"closed","template":"","meta":{"site-sidebar-layout":"no-sidebar","site-content-layout":"","ast-site-content-layout":"full-width-container","site-content-style":"default","site-sidebar-style":"default","ast-global-header-display":"","ast-banner-title-visibility":"","ast-main-header-display":"","ast-hfb-above-header-display":"","ast-hfb-below-header-display":"","ast-hfb-mobile-header-display":"","site-post-title":"disabled","ast-breadcrumbs-content":"","ast-featured-img":"disabled","footer-sml-layout":"","theme-transparent-header-meta":"","adv-header-id-meta":"","stick-header-meta":"","header-above-stick-meta":"","header-main-stick-meta":"","header-below-stick-meta":"","astra-migrate-meta-layouts":"default","ast-page-background-enabled":"default","ast-page-background-meta":{"desktop":{"background-color":"var(--ast-global-color-4)","background-image":"","background-repeat":"repeat","background-position":"center center","background-size":"auto","background-attachment":"scroll","background-type":"","background-media":"","overlay-type":"","overlay-color":"","overlay-gradient":""},"tablet":{"background-color":"","background-image":"","background-repeat":"repeat","background-position":"center center","background-size":"auto","background-attachment":"scroll","background-type":"","background-media":"","overlay-type":"","overlay-color":"","overlay-gradient":""},"mobile":{"background-color":"","background-image":"","background-repeat":"repeat","background-position":"center center","background-size":"auto","background-attachment":"scroll","background-type":"","background-media":"","overlay-type":"","overlay-color":"","overlay-gradient":""}},"ast-content-background-meta":{"desktop":{"background-color":"var(--ast-global-color-5)","background-image":"","background-repeat":"repeat","background-position":"center center","background-size":"auto","background-attachment":"scroll","background-type":"","background-media":"","overlay-type":"","overlay-color":"","overlay-gradient":""},"tablet":{"background-color":"var(--ast-global-color-5)","background-image":"","background-repeat":"repeat","background-position":"center center","background-size":"auto","background-attachment":"scroll","background-type":"","background-media":"","overlay-type":"","overlay-color":"","overlay-gradient":""},"mobile":{"background-color":"var(--ast-global-color-5)","background-image":"","background-repeat":"repeat","background-position":"center center","background-size":"auto","background-attachment":"scroll","background-type":"","background-media":"","overlay-type":"","overlay-color":"","overlay-gradient":""}},"footnotes":""},"class_list":["post-827","page","type-page","status-publish","hentry"],"yoast_head":"<!-- This site is optimized with the Yoast SEO plugin v24.4 - https:\/\/yoast.com\/wordpress\/plugins\/seo\/ -->\n<title>\u0627\u0644\u0646\u0641\u0627\u0630 \u0627\u0644\u0649 \u0627\u0644\u0645\u0639\u0644\u0640\u0640\u0640\u0648\u0645\u0629 -<\/title>\n<meta name=\"robots\" content=\"index, follow, max-snippet:-1, max-image-preview:large, max-video-preview:-1\" \/>\n<link rel=\"canonical\" href=\"https:\/\/communehchechna.tn\/fr\/\u0627\u0644\u0646\u0641\u0627\u0630-\u0627\u0644\u0649-\u0627\u0644\u0645\u0639\u0644\u0640\u0640\u0640\u0648\u0645\u0629\/\" \/>\n<meta property=\"og:locale\" content=\"fr_FR\" \/>\n<meta property=\"og:type\" content=\"article\" \/>\n<meta property=\"og:title\" content=\"\u0627\u0644\u0646\u0641\u0627\u0630 \u0627\u0644\u0649 \u0627\u0644\u0645\u0639\u0644\u0640\u0640\u0640\u0648\u0645\u0629 -\" \/>\n<meta property=\"og:description\" content=\"\u0627\u0644\u0646\u0641\u0627\u0630 \u0627\u0644\u0649 \u0627\u0644\u0645\u0639\u0640\u0640\u0644\u0648\u0645\u0629 \u0645\u0637\u0644\u0628 \u0627\u0644\u0646\u0641\u0627\u0630 \u0625\u0644\u0649 \u0627\u0644\u0645\u0639\u0644\u0648\u0645\u0629 \u0648\u062b\u064a\u0642\u0629 \u0627\u062f\u0627\u0631\u064a\u0629 \u0645\u0637\u0644\u0628 \u062a\u0638\u0644\u0645 \u0644\u062f\u0649 \u0631\u0626\u064a\u0633 \u0627\u0644\u0647\u064a\u0643\u0644 \u062a\u0638\u0644\u0645 \u062f\u0644\u064a\u0644 \u0627\u0644\u0646\u0641\u0627\u0630 \u0627\u0644\u0649 \u0627\u0644\u0645\u0639\u0644\u0648\u0645\u0629 \u062f\u0644\u064a\u0644 [&hellip;]\" \/>\n<meta property=\"og:url\" content=\"https:\/\/communehchechna.tn\/fr\/\u0627\u0644\u0646\u0641\u0627\u0630-\u0627\u0644\u0649-\u0627\u0644\u0645\u0639\u0644\u0640\u0640\u0640\u0648\u0645\u0629\/\" \/>\n<meta property=\"article:modified_time\" content=\"2024-06-03T22:42:39+00:00\" \/>\n<meta name=\"twitter:card\" content=\"summary_large_image\" \/>\n<meta name=\"twitter:label1\" content=\"Dur\u00e9e de lecture estim\u00e9e\" \/>\n\t<meta name=\"twitter:data1\" content=\"1 minute\" \/>\n<script type=\"application\/ld+json\" class=\"yoast-schema-graph\">{\"@context\":\"https:\/\/schema.org\",\"@graph\":[{\"@type\":\"WebPage\",\"@id\":\"https:\/\/communehchechna.tn\/%d8%a7%d9%84%d9%86%d9%81%d8%a7%d8%b0-%d8%a7%d9%84%d9%89-%d8%a7%d9%84%d9%85%d8%b9%d9%84%d9%80%d9%80%d9%80%d9%88%d9%85%d8%a9\/\",\"url\":\"https:\/\/communehchechna.tn\/%d8%a7%d9%84%d9%86%d9%81%d8%a7%d8%b0-%d8%a7%d9%84%d9%89-%d8%a7%d9%84%d9%85%d8%b9%d9%84%d9%80%d9%80%d9%80%d9%88%d9%85%d8%a9\/\",\"name\":\"\u0627\u0644\u0646\u0641\u0627\u0630 \u0627\u0644\u0649 \u0627\u0644\u0645\u0639\u0644\u0640\u0640\u0640\u0648\u0645\u0629 -\",\"isPartOf\":{\"@id\":\"https:\/\/communehchechna.tn\/#website\"},\"datePublished\":\"2024-06-03T20:57:45+00:00\",\"dateModified\":\"2024-06-03T22:42:39+00:00\",\"breadcrumb\":{\"@id\":\"https:\/\/communehchechna.tn\/%d8%a7%d9%84%d9%86%d9%81%d8%a7%d8%b0-%d8%a7%d9%84%d9%89-%d8%a7%d9%84%d9%85%d8%b9%d9%84%d9%80%d9%80%d9%80%d9%88%d9%85%d8%a9\/#breadcrumb\"},\"inLanguage\":\"fr-FR\",\"potentialAction\":[{\"@type\":\"ReadAction\",\"target\":[\"https:\/\/communehchechna.tn\/%d8%a7%d9%84%d9%86%d9%81%d8%a7%d8%b0-%d8%a7%d9%84%d9%89-%d8%a7%d9%84%d9%85%d8%b9%d9%84%d9%80%d9%80%d9%80%d9%88%d9%85%d8%a9\/\"]}]},{\"@type\":\"BreadcrumbList\",\"@id\":\"https:\/\/communehchechna.tn\/%d8%a7%d9%84%d9%86%d9%81%d8%a7%d8%b0-%d8%a7%d9%84%d9%89-%d8%a7%d9%84%d9%85%d8%b9%d9%84%d9%80%d9%80%d9%80%d9%88%d9%85%d8%a9\/#breadcrumb\",\"itemListElement\":[{\"@type\":\"ListItem\",\"position\":1,\"name\":\"Accueil\",\"item\":\"https:\/\/communehchechna.tn\/\"},{\"@type\":\"ListItem\",\"position\":2,\"name\":\"\u0627\u0644\u0646\u0641\u0627\u0630 \u0627\u0644\u0649 \u0627\u0644\u0645\u0639\u0644\u0640\u0640\u0640\u0648\u0645\u0629\"}]},{\"@type\":\"WebSite\",\"@id\":\"https:\/\/communehchechna.tn\/#website\",\"url\":\"https:\/\/communehchechna.tn\/\",\"name\":\"\",\"description\":\"\",\"potentialAction\":[{\"@type\":\"SearchAction\",\"target\":{\"@type\":\"EntryPoint\",\"urlTemplate\":\"https:\/\/communehchechna.tn\/?s={search_term_string}\"},\"query-input\":{\"@type\":\"PropertyValueSpecification\",\"valueRequired\":true,\"valueName\":\"search_term_string\"}}],\"inLanguage\":\"fr-FR\"}]}<\/script>\n<!-- \/ Yoast SEO plugin. -->","yoast_head_json":{"title":"\u0627\u0644\u0646\u0641\u0627\u0630 \u0627\u0644\u0649 \u0627\u0644\u0645\u0639\u0644\u0640\u0640\u0640\u0648\u0645\u0629 -","robots":{"index":"index","follow":"follow","max-snippet":"max-snippet:-1","max-image-preview":"max-image-preview:large","max-video-preview":"max-video-preview:-1"},"canonical":"https:\/\/communehchechna.tn\/fr\/\u0627\u0644\u0646\u0641\u0627\u0630-\u0627\u0644\u0649-\u0627\u0644\u0645\u0639\u0644\u0640\u0640\u0640\u0648\u0645\u0629\/","og_locale":"fr_FR","og_type":"article","og_title":"\u0627\u0644\u0646\u0641\u0627\u0630 \u0627\u0644\u0649 \u0627\u0644\u0645\u0639\u0644\u0640\u0640\u0640\u0648\u0645\u0629 -","og_description":"\u0627\u0644\u0646\u0641\u0627\u0630 \u0627\u0644\u0649 \u0627\u0644\u0645\u0639\u0640\u0640\u0644\u0648\u0645\u0629 \u0645\u0637\u0644\u0628 \u0627\u0644\u0646\u0641\u0627\u0630 \u0625\u0644\u0649 \u0627\u0644\u0645\u0639\u0644\u0648\u0645\u0629 \u0648\u062b\u064a\u0642\u0629 \u0627\u062f\u0627\u0631\u064a\u0629 \u0645\u0637\u0644\u0628 \u062a\u0638\u0644\u0645 \u0644\u062f\u0649 \u0631\u0626\u064a\u0633 \u0627\u0644\u0647\u064a\u0643\u0644 \u062a\u0638\u0644\u0645 \u062f\u0644\u064a\u0644 \u0627\u0644\u0646\u0641\u0627\u0630 \u0627\u0644\u0649 \u0627\u0644\u0645\u0639\u0644\u0648\u0645\u0629 \u062f\u0644\u064a\u0644 [&hellip;]","og_url":"https:\/\/communehchechna.tn\/fr\/\u0627\u0644\u0646\u0641\u0627\u0630-\u0627\u0644\u0649-\u0627\u0644\u0645\u0639\u0644\u0640\u0640\u0640\u0648\u0645\u0629\/","article_modified_time":"2024-06-03T22:42:39+00:00","twitter_card":"summary_large_image","twitter_misc":{"Dur\u00e9e de lecture estim\u00e9e":"1 minute"},"schema":{"@context":"https:\/\/schema.org","@graph":[{"@type":"WebPage","@id":"https:\/\/communehchechna.tn\/%d8%a7%d9%84%d9%86%d9%81%d8%a7%d8%b0-%d8%a7%d9%84%d9%89-%d8%a7%d9%84%d9%85%d8%b9%d9%84%d9%80%d9%80%d9%80%d9%88%d9%85%d8%a9\/","url":"https:\/\/communehchechna.tn\/%d8%a7%d9%84%d9%86%d9%81%d8%a7%d8%b0-%d8%a7%d9%84%d9%89-%d8%a7%d9%84%d9%85%d8%b9%d9%84%d9%80%d9%80%d9%80%d9%88%d9%85%d8%a9\/","name":"\u0627\u0644\u0646\u0641\u0627\u0630 \u0627\u0644\u0649 \u0627\u0644\u0645\u0639\u0644\u0640\u0640\u0640\u0648\u0645\u0629 -","isPartOf":{"@id":"https:\/\/communehchechna.tn\/#website"},"datePublished":"2024-06-03T20:57:45+00:00","dateModified":"2024-06-03T22:42:39+00:00","breadcrumb":{"@id":"https:\/\/communehchechna.tn\/%d8%a7%d9%84%d9%86%d9%81%d8%a7%d8%b0-%d8%a7%d9%84%d9%89-%d8%a7%d9%84%d9%85%d8%b9%d9%84%d9%80%d9%80%d9%80%d9%88%d9%85%d8%a9\/#breadcrumb"},"inLanguage":"fr-FR","potentialAction":[{"@type":"ReadAction","target":["https:\/\/communehchechna.tn\/%d8%a7%d9%84%d9%86%d9%81%d8%a7%d8%b0-%d8%a7%d9%84%d9%89-%d8%a7%d9%84%d9%85%d8%b9%d9%84%d9%80%d9%80%d9%80%d9%88%d9%85%d8%a9\/"]}]},{"@type":"BreadcrumbList","@id":"https:\/\/communehchechna.tn\/%d8%a7%d9%84%d9%86%d9%81%d8%a7%d8%b0-%d8%a7%d9%84%d9%89-%d8%a7%d9%84%d9%85%d8%b9%d9%84%d9%80%d9%80%d9%80%d9%88%d9%85%d8%a9\/#breadcrumb","itemListElement":[{"@type":"ListItem","position":1,"name":"Accueil","item":"https:\/\/communehchechna.tn\/"},{"@type":"ListItem","position":2,"name":"\u0627\u0644\u0646\u0641\u0627\u0630 \u0627\u0644\u0649 \u0627\u0644\u0645\u0639\u0644\u0640\u0640\u0640\u0648\u0645\u0629"}]},{"@type":"WebSite","@id":"https:\/\/communehchechna.tn\/#website","url":"https:\/\/communehchechna.tn\/","name":"","description":"","potentialAction":[{"@type":"SearchAction","target":{"@type":"EntryPoint","urlTemplate":"https:\/\/communehchechna.tn\/?s={search_term_string}"},"query-input":{"@type":"PropertyValueSpecification","valueRequired":true,"valueName":"search_term_string"}}],"inLanguage":"fr-FR"}]}},"_links":{"self":[{"href":"https:\/\/communehchechna.tn\/fr\/wp-json\/wp\/v2\/pages\/827","targetHints":{"allow":["GET"]}}],"collection":[{"href":"https:\/\/communehchechna.tn\/fr\/wp-json\/wp\/v2\/pages"}],"about":[{"href":"https:\/\/communehchechna.tn\/fr\/wp-json\/wp\/v2\/types\/page"}],"author":[{"embeddable":true,"href":"https:\/\/communehchechna.tn\/fr\/wp-json\/wp\/v2\/users\/1"}],"replies":[{"embeddable":true,"href":"https:\/\/communehchechna.tn\/fr\/wp-json\/wp\/v2\/comments?post=827"}],"version-history":[{"count":7,"href":"https:\/\/communehchechna.tn\/fr\/wp-json\/wp\/v2\/pages\/827\/revisions"}],"predecessor-version":[{"id":850,"href":"https:\/\/communehchechna.tn\/fr\/wp-json\/wp\/v2\/pages\/827\/revisions\/850"}],"wp:attachment":[{"href":"https:\/\/communehchechna.tn\/fr\/wp-json\/wp\/v2\/media?parent=827"}],"curies":[{"name":"wp","href":"https:\/\/api.w.org\/{rel}","templated":true}]}}